{"id":2366,"date":"2025-06-25T06:44:50","date_gmt":"2025-06-25T06:44:50","guid":{"rendered":"https:\/\/2025.kivikoda.ee\/?page_id=2366"},"modified":"2025-10-14T09:28:39","modified_gmt":"2025-10-14T09:28:39","slug":"quartz","status":"publish","type":"page","link":"https:\/\/kivikoda.ee\/en\/natural-stone\/quartz\/","title":{"rendered":"Quartz"},"content":{"rendered":"<div id='av_section_1'  class='avia-section av-macfc6r8-47f594262d612ea09d283c76712cd066 main_color avia-section-huge avia-no-border-styling  avia-builder-el-0  avia-builder-el-no-sibling  avia-bg-style-scroll container_wrap fullsize'  ><div class='container av-section-cont-open' ><main  role=\"main\" itemprop=\"mainContentOfPage\"  class='template-page content  av-content-full alpha units'><div class='post-entry post-entry-type-page post-entry-2366'><div class='entry-content-wrapper clearfix'>\n\n<style type=\"text\/css\" data-created_by=\"avia_inline_auto\" id=\"style-css-av-4qiga8-e882d05934c092295c66c6d5e5114a17\">\n.flex_column.av-4qiga8-e882d05934c092295c66c6d5e5114a17{\nborder-radius:0px 0px 0px 0px;\npadding:0px 0px 0px 0px;\n}\n<\/style>\n<div  class='flex_column av-4qiga8-e882d05934c092295c66c6d5e5114a17 av_two_third  avia-builder-el-1  el_before_av_one_third  avia-builder-el-first  first flex_column_div av-zero-column-padding'     ><style type=\"text\/css\" data-created_by=\"avia_inline_auto\" id=\"style-css-av-4dv7e8-9714e7690e8d3fc58e0be8ba1e77422c\">\n#top .av-special-heading.av-4dv7e8-9714e7690e8d3fc58e0be8ba1e77422c{\npadding-bottom:20px;\n}\nbody .av-special-heading.av-4dv7e8-9714e7690e8d3fc58e0be8ba1e77422c .av-special-heading-tag .heading-char{\nfont-size:25px;\n}\n#top #wrap_all .av-special-heading.av-4dv7e8-9714e7690e8d3fc58e0be8ba1e77422c .av-special-heading-tag{\nfont-size:5vw;\n}\n.av-special-heading.av-4dv7e8-9714e7690e8d3fc58e0be8ba1e77422c .av-subheading{\nfont-size:30px;\n}\n<\/style>\n<div  class='av-special-heading av-4dv7e8-9714e7690e8d3fc58e0be8ba1e77422c av-special-heading-h1  avia-builder-el-2  avia-builder-el-no-sibling'><h1 class='av-special-heading-tag'  itemprop=\"headline\"  >Quartz<\/h1><div class=\"special-heading-border\"><div class=\"special-heading-inner-border\"><\/div><\/div><\/div><\/div>\n<style type=\"text\/css\" data-created_by=\"avia_inline_auto\" id=\"style-css-av-497qug-bd9f72701e5a7268a4bd940436ee3ab8\">\n.flex_column.av-497qug-bd9f72701e5a7268a4bd940436ee3ab8{\nborder-radius:0px 0px 0px 0px;\npadding:0px 0px 0px 0px;\n}\n<\/style>\n<div  class='flex_column av-497qug-bd9f72701e5a7268a4bd940436ee3ab8 av_one_third  avia-builder-el-3  el_after_av_two_third  el_before_av_hr  flex_column_div av-hide-on-mobile av-zero-column-padding'     ><\/div>\n<style type=\"text\/css\" data-created_by=\"avia_inline_auto\" id=\"style-css-av-macfguka-72c6ca6d13862d1690f59a2183cf22a1\">\n#top .hr.hr-invisible.av-macfguka-72c6ca6d13862d1690f59a2183cf22a1{\nheight:50px;\n}\n<\/style>\n<div  class='hr av-macfguka-72c6ca6d13862d1690f59a2183cf22a1 hr-invisible  avia-builder-el-4  el_after_av_one_third  el_before_av_one_half'><span class='hr-inner'><span class=\"hr-inner-style\"><\/span><\/span><\/div>\n<div class='flex_column_table av-3jt2ls-5a0fd808b5961eac8b1e9bfb9a097152 sc-av_one_half av-equal-height-column-flextable'>\n<style type=\"text\/css\" data-created_by=\"avia_inline_auto\" id=\"style-css-av-3jt2ls-5a0fd808b5961eac8b1e9bfb9a097152\">\n.flex_column.av-3jt2ls-5a0fd808b5961eac8b1e9bfb9a097152{\nborder-radius:0px 0px 0px 0px;\npadding:0px 0px 0px 0px;\n}\n<\/style>\n<div  class='flex_column av-3jt2ls-5a0fd808b5961eac8b1e9bfb9a097152 av_one_half  avia-builder-el-5  el_after_av_hr  el_before_av_one_half  first flex_column_table_cell av-equal-height-column av-align-top av-animated-generic bottom-to-top av-zero-column-padding'     ><section  class='av_textblock_section av-3dyzc0-435447db82f4f63b86fb1edd49fb6d32'   itemscope=\"itemscope\" itemtype=\"https:\/\/schema.org\/CreativeWork\" ><div class='avia_textblock'  itemprop=\"text\" ><p style=\"text-align: justify;\"><strong>KVARTSIIT<\/strong> is an exceptionally durable natural stone, composed mainly of natural quartz - one of the hardest and most abrasion-resistant minerals nature has to offer. Quartzite is strong, dense and heat-resistant, withstanding intensive daily use with success.<\/p>\n<p style=\"text-align: justify;\">Quartzite is more resistant to scratches and stains, making it well suited for kitchens, bathrooms, and other high traffic areas. Quartzite is a more exclusive and luxurious-looking natural stone, but also slightly more expensive.<\/p>\n<\/div><\/section><\/div><div class='av-flex-placeholder'><\/div>\n<style type=\"text\/css\" data-created_by=\"avia_inline_auto\" id=\"style-css-av-38knyo-c12cd6c13ad9812b275fab21db944fb5\">\n.flex_column.av-38knyo-c12cd6c13ad9812b275fab21db944fb5{\nborder-radius:0px 0px 0px 0px;\npadding:0px 0px 0px 0px;\n}\n<\/style>\n<div  class='flex_column av-38knyo-c12cd6c13ad9812b275fab21db944fb5 av_one_half  avia-builder-el-7  el_after_av_one_half  el_before_av_masonry_gallery  avia-builder-el-last  flex_column_table_cell av-equal-height-column av-align-top av-animated-generic bottom-to-top av-zero-column-padding'     ><section  class='av_textblock_section av-30j87k-b2d163b33218cdd620c2d49f5e552d99'   itemscope=\"itemscope\" itemtype=\"https:\/\/schema.org\/CreativeWork\" ><div class='avia_textblock'  itemprop=\"text\" ><p style=\"text-align: justify;\">The layered structure of quartzite reveals beautiful natural patterns - flowing lines, elegant colour shades and unique textures make each slab unique. This makes quartzite perfect for use as a design element: as a worktop, for example,<br \/>\nas a wall hanging, shower corner or as a striking mantelpiece.<\/p>\n<p style=\"text-align: justify;\">Although quartzite is primarily designed for indoor use, it can also withstand moderate outdoor environments,<br \/>\nespecially if the stone is dense and well worked.<\/p>\n<p style=\"text-align: justify;\">Quartzite is the perfect choice for those looking for a material that combines natural beauty, durability and uniqueness.<\/p>\n<\/div><\/section><\/div><\/div><!--close column table wrapper. Autoclose: 1 --><div id='av-masonry-1' class='av-masonry av-mgqd0r7h-4a07cca596f92cfbabf7ca62ba64a15c noHover av-fixed-size av-large-gap av-hover-overlay-active av-masonry-animation-active av-masonry-col-flexible av-caption-always av-caption-style- av-masonry-gallery av-orientation-square' data-post_id=\"2366\"><div class=\"av-masonry-container isotope av-js-disabled\"><div class='av-masonry-entry isotope-item av-masonry-item-no-image'><\/div><a href=\"https:\/\/kivikoda.ee\/wp-content\/uploads\/2025\/10\/COSENTINO_AXON_028-1030x687.jpg\" data-srcset=\"https:\/\/kivikoda.ee\/wp-content\/uploads\/2025\/10\/COSENTINO_AXON_028-1030x687.jpg 1030w, https:\/\/kivikoda.ee\/wp-content\/uploads\/2025\/10\/COSENTINO_AXON_028-300x200.jpg 300w, https:\/\/kivikoda.ee\/wp-content\/uploads\/2025\/10\/COSENTINO_AXON_028-768x512.jpg 768w, https:\/\/kivikoda.ee\/wp-content\/uploads\/2025\/10\/COSENTINO_AXON_028-18x12.jpg 18w, https:\/\/kivikoda.ee\/wp-content\/uploads\/2025\/10\/COSENTINO_AXON_028-705x470.jpg 705w, https:\/\/kivikoda.ee\/wp-content\/uploads\/2025\/10\/COSENTINO_AXON_028.jpg 1200w\" data-sizes=\"(max-width: 1030px) 100vw, 1030px\"  aria-label=\"image COSENTINO_AXON_028\"  id='av-masonry-1-item-2654' data-av-masonry-item='2654' class='av-masonry-entry isotope-item post-2654 attachment type-attachment status-inherit hentry  av-masonry-item-with-image' title=\"COSENTINO_AXON_028\" alt=\"\"    itemprop=\"thumbnailUrl\" ><div class='av-inner-masonry-sizer'><\/div><figure class='av-inner-masonry main_color'><div class=\"av-masonry-outerimage-container\"><div class='av-masonry-image-container' style=\"background-image: url(https:\/\/kivikoda.ee\/wp-content\/uploads\/2025\/10\/COSENTINO_AXON_028-705x470.jpg);\"  title=\"COSENTINO_AXON_028\" ><\/div><\/div><\/figure><\/a><!--end av-masonry entry--><a href=\"https:\/\/kivikoda.ee\/wp-content\/uploads\/2025\/10\/DSC09349-687x1030.jpg\" data-srcset=\"https:\/\/kivikoda.ee\/wp-content\/uploads\/2025\/10\/DSC09349-687x1030.jpg 687w, https:\/\/kivikoda.ee\/wp-content\/uploads\/2025\/10\/DSC09349-200x300.jpg 200w, https:\/\/kivikoda.ee\/wp-content\/uploads\/2025\/10\/DSC09349-768x1152.jpg 768w, https:\/\/kivikoda.ee\/wp-content\/uploads\/2025\/10\/DSC09349-8x12.jpg 8w, https:\/\/kivikoda.ee\/wp-content\/uploads\/2025\/10\/DSC09349-470x705.jpg 470w, https:\/\/kivikoda.ee\/wp-content\/uploads\/2025\/10\/DSC09349.jpg 800w\" data-sizes=\"(max-width: 687px) 100vw, 687px\"  aria-label=\"image DSC09349\"  id='av-masonry-1-item-2655' data-av-masonry-item='2655' class='av-masonry-entry isotope-item post-2655 attachment type-attachment status-inherit hentry  av-masonry-item-with-image' title=\"DSC09349\" alt=\"\"    itemprop=\"thumbnailUrl\" ><div class='av-inner-masonry-sizer'><\/div><figure class='av-inner-masonry main_color'><div class=\"av-masonry-outerimage-container\"><div class='av-masonry-image-container' style=\"background-image: url(https:\/\/kivikoda.ee\/wp-content\/uploads\/2025\/10\/DSC09349-470x705.jpg);\"  title=\"DSC09349\" ><\/div><\/div><\/figure><\/a><!--end av-masonry entry--><a href=\"https:\/\/kivikoda.ee\/wp-content\/uploads\/2025\/10\/DSC09360-687x1030.jpg\" data-srcset=\"https:\/\/kivikoda.ee\/wp-content\/uploads\/2025\/10\/DSC09360-687x1030.jpg 687w, https:\/\/kivikoda.ee\/wp-content\/uploads\/2025\/10\/DSC09360-200x300.jpg 200w, https:\/\/kivikoda.ee\/wp-content\/uploads\/2025\/10\/DSC09360-768x1152.jpg 768w, https:\/\/kivikoda.ee\/wp-content\/uploads\/2025\/10\/DSC09360-8x12.jpg 8w, https:\/\/kivikoda.ee\/wp-content\/uploads\/2025\/10\/DSC09360-470x705.jpg 470w, https:\/\/kivikoda.ee\/wp-content\/uploads\/2025\/10\/DSC09360.jpg 800w\" data-sizes=\"(max-width: 687px) 100vw, 687px\"  aria-label=\"image DSC09360\"  id='av-masonry-1-item-2656' data-av-masonry-item='2656' class='av-masonry-entry isotope-item post-2656 attachment type-attachment status-inherit hentry  av-masonry-item-with-image' title=\"DSC09360\" alt=\"\"    itemprop=\"thumbnailUrl\" ><div class='av-inner-masonry-sizer'><\/div><figure class='av-inner-masonry main_color'><div class=\"av-masonry-outerimage-container\"><div class='av-masonry-image-container' style=\"background-image: url(https:\/\/kivikoda.ee\/wp-content\/uploads\/2025\/10\/DSC09360-470x705.jpg);\"  title=\"DSC09360\" ><\/div><\/div><\/figure><\/a><!--end av-masonry entry--><a href=\"https:\/\/kivikoda.ee\/wp-content\/uploads\/2025\/10\/Sensa-Kitchen-Macaubas-v2-1030x961.jpg\" data-srcset=\"https:\/\/kivikoda.ee\/wp-content\/uploads\/2025\/10\/Sensa-Kitchen-Macaubas-v2-1030x961.jpg 1030w, https:\/\/kivikoda.ee\/wp-content\/uploads\/2025\/10\/Sensa-Kitchen-Macaubas-v2-300x280.jpg 300w, https:\/\/kivikoda.ee\/wp-content\/uploads\/2025\/10\/Sensa-Kitchen-Macaubas-v2-768x717.jpg 768w, https:\/\/kivikoda.ee\/wp-content\/uploads\/2025\/10\/Sensa-Kitchen-Macaubas-v2-13x12.jpg 13w, https:\/\/kivikoda.ee\/wp-content\/uploads\/2025\/10\/Sensa-Kitchen-Macaubas-v2-705x658.jpg 705w, https:\/\/kivikoda.ee\/wp-content\/uploads\/2025\/10\/Sensa-Kitchen-Macaubas-v2.jpg 1200w\" data-sizes=\"(max-width: 1030px) 100vw, 1030px\"  aria-label=\"image Sensa Kitchen &#8211; Macaubas v2\"  id='av-masonry-1-item-2657' data-av-masonry-item='2657' class='av-masonry-entry isotope-item post-2657 attachment type-attachment status-inherit hentry  av-masonry-item-with-image' title=\"Sensa Kitchen - Macaubas v2\" alt=\"\"    itemprop=\"thumbnailUrl\" ><div class='av-inner-masonry-sizer'><\/div><figure class='av-inner-masonry main_color'><div class=\"av-masonry-outerimage-container\"><div class='av-masonry-image-container' style=\"background-image: url(https:\/\/kivikoda.ee\/wp-content\/uploads\/2025\/10\/Sensa-Kitchen-Macaubas-v2-705x658.jpg);\"  title=\"Sensa Kitchen - Macaubas v2\" ><\/div><\/div><\/figure><\/a><!--end av-masonry entry--><a href=\"https:\/\/kivikoda.ee\/wp-content\/uploads\/2025\/10\/Sensa-Kitchen-Nilo-1030x773.jpg\" data-srcset=\"https:\/\/kivikoda.ee\/wp-content\/uploads\/2025\/10\/Sensa-Kitchen-Nilo-1030x773.jpg 1030w, https:\/\/kivikoda.ee\/wp-content\/uploads\/2025\/10\/Sensa-Kitchen-Nilo-300x225.jpg 300w, https:\/\/kivikoda.ee\/wp-content\/uploads\/2025\/10\/Sensa-Kitchen-Nilo-768x576.jpg 768w, https:\/\/kivikoda.ee\/wp-content\/uploads\/2025\/10\/Sensa-Kitchen-Nilo-16x12.jpg 16w, https:\/\/kivikoda.ee\/wp-content\/uploads\/2025\/10\/Sensa-Kitchen-Nilo-705x529.jpg 705w, https:\/\/kivikoda.ee\/wp-content\/uploads\/2025\/10\/Sensa-Kitchen-Nilo.jpg 1200w\" data-sizes=\"(max-width: 1030px) 100vw, 1030px\"  aria-label=\"image Sensa Kitchen &#8211; Nilo\"  id='av-masonry-1-item-2658' data-av-masonry-item='2658' class='av-masonry-entry isotope-item post-2658 attachment type-attachment status-inherit hentry  av-masonry-item-with-image' title=\"Sensa Kitchen - Nilo\" alt=\"\"    itemprop=\"thumbnailUrl\" ><div class='av-inner-masonry-sizer'><\/div><figure class='av-inner-masonry main_color'><div class=\"av-masonry-outerimage-container\"><div class='av-masonry-image-container' style=\"background-image: url(https:\/\/kivikoda.ee\/wp-content\/uploads\/2025\/10\/Sensa-Kitchen-Nilo-705x529.jpg);\"  title=\"Sensa Kitchen - Nilo\" ><\/div><\/div><\/figure><\/a><!--end av-masonry entry--><a href=\"https:\/\/kivikoda.ee\/wp-content\/uploads\/2025\/10\/Sensa-Kitchen-Taj-Mahal-v2-1030x776.jpg\" data-srcset=\"https:\/\/kivikoda.ee\/wp-content\/uploads\/2025\/10\/Sensa-Kitchen-Taj-Mahal-v2-1030x776.jpg 1030w, https:\/\/kivikoda.ee\/wp-content\/uploads\/2025\/10\/Sensa-Kitchen-Taj-Mahal-v2-300x226.jpg 300w, https:\/\/kivikoda.ee\/wp-content\/uploads\/2025\/10\/Sensa-Kitchen-Taj-Mahal-v2-768x579.jpg 768w, https:\/\/kivikoda.ee\/wp-content\/uploads\/2025\/10\/Sensa-Kitchen-Taj-Mahal-v2-16x12.jpg 16w, https:\/\/kivikoda.ee\/wp-content\/uploads\/2025\/10\/Sensa-Kitchen-Taj-Mahal-v2-705x531.jpg 705w, https:\/\/kivikoda.ee\/wp-content\/uploads\/2025\/10\/Sensa-Kitchen-Taj-Mahal-v2.jpg 1200w\" data-sizes=\"(max-width: 1030px) 100vw, 1030px\"  aria-label=\"image Sensa Kitchen &#8211; Taj Mahal v2\"  id='av-masonry-1-item-2659' data-av-masonry-item='2659' class='av-masonry-entry isotope-item post-2659 attachment type-attachment status-inherit hentry  av-masonry-item-with-image' title=\"Sensa Kitchen - Taj Mahal v2\" alt=\"\"    itemprop=\"thumbnailUrl\" ><div class='av-inner-masonry-sizer'><\/div><figure class='av-inner-masonry main_color'><div class=\"av-masonry-outerimage-container\"><div class='av-masonry-image-container' style=\"background-image: url(https:\/\/kivikoda.ee\/wp-content\/uploads\/2025\/10\/Sensa-Kitchen-Taj-Mahal-v2-705x531.jpg);\"  title=\"Sensa Kitchen - Taj Mahal v2\" ><\/div><\/div><\/figure><\/a><!--end av-masonry entry--><\/div><\/div>","protected":false},"excerpt":{"rendered":"","protected":false},"author":1,"featured_media":0,"parent":618,"menu_order":1,"comment_status":"closed","ping_status":"closed","template":"","meta":{"footnotes":""},"class_list":["post-2366","page","type-page","status-publish","hentry"],"yoast_head":"<!-- This site is optimized with the Yoast SEO plugin v27.4 - https:\/\/yoast.com\/product\/yoast-seo-wordpress\/ -->\n<title>Kvarts - Kivikoda<\/title>\n<meta name=\"description\" content=\"Dekton on innovaatiline pinnakattematerjal, mis sobib h\u00e4sti nii sise- kui ka v\u00e4listingimustesse. Praktiliselt t\u00e4iesti hooldusvaba materjal!\" \/>\n<meta name=\"robots\" content=\"index, follow, max-snippet:-1, max-image-preview:large, max-video-preview:-1\" \/>\n<link rel=\"canonical\" href=\"https:\/\/kivikoda.ee\/en\/natural-stone\/quartz\/\" \/>\n<meta property=\"og:locale\" content=\"en_US\" \/>\n<meta property=\"og:type\" content=\"article\" \/>\n<meta property=\"og:title\" content=\"Kvarts - Kivikoda\" \/>\n<meta property=\"og:description\" content=\"Dekton on innovaatiline pinnakattematerjal, mis sobib h\u00e4sti nii sise- kui ka v\u00e4listingimustesse. Praktiliselt t\u00e4iesti hooldusvaba materjal!\" \/>\n<meta property=\"og:url\" content=\"https:\/\/kivikoda.ee\/en\/natural-stone\/quartz\/\" \/>\n<meta property=\"og:site_name\" content=\"Kivikoda\" \/>\n<meta property=\"article:modified_time\" content=\"2025-10-14T09:28:39+00:00\" \/>\n<meta name=\"twitter:card\" content=\"summary_large_image\" \/>\n<meta name=\"twitter:label1\" content=\"Est. reading time\" \/>\n\t<meta name=\"twitter:data1\" content=\"1 minute\" \/>\n<script type=\"application\/ld+json\" class=\"yoast-schema-graph\">{\"@context\":\"https:\\\/\\\/schema.org\",\"@graph\":[{\"@type\":\"WebPage\",\"@id\":\"https:\\\/\\\/kivikoda.ee\\\/looduskivi\\\/kvarts\\\/\",\"url\":\"https:\\\/\\\/kivikoda.ee\\\/looduskivi\\\/kvarts\\\/\",\"name\":\"Kvarts - Kivikoda\",\"isPartOf\":{\"@id\":\"https:\\\/\\\/kivikoda.ee\\\/#website\"},\"datePublished\":\"2025-06-25T06:44:50+00:00\",\"dateModified\":\"2025-10-14T09:28:39+00:00\",\"description\":\"Dekton on innovaatiline pinnakattematerjal, mis sobib h\u00e4sti nii sise- kui ka v\u00e4listingimustesse. Praktiliselt t\u00e4iesti hooldusvaba materjal!\",\"breadcrumb\":{\"@id\":\"https:\\\/\\\/kivikoda.ee\\\/looduskivi\\\/kvarts\\\/#breadcrumb\"},\"inLanguage\":\"en-US\",\"potentialAction\":[{\"@type\":\"ReadAction\",\"target\":[\"https:\\\/\\\/kivikoda.ee\\\/looduskivi\\\/kvarts\\\/\"]}]},{\"@type\":\"BreadcrumbList\",\"@id\":\"https:\\\/\\\/kivikoda.ee\\\/looduskivi\\\/kvarts\\\/#breadcrumb\",\"itemListElement\":[{\"@type\":\"ListItem\",\"position\":1,\"name\":\"Home\",\"item\":\"https:\\\/\\\/kivikoda.ee\\\/kivikoda-kivist-tootasapinnad\\\/\"},{\"@type\":\"ListItem\",\"position\":2,\"name\":\"Looduskivi\",\"item\":\"https:\\\/\\\/kivikoda.ee\\\/looduskivi\\\/\"},{\"@type\":\"ListItem\",\"position\":3,\"name\":\"Kvarts\"}]},{\"@type\":\"WebSite\",\"@id\":\"https:\\\/\\\/kivikoda.ee\\\/#website\",\"url\":\"https:\\\/\\\/kivikoda.ee\\\/\",\"name\":\"Kivikoda\",\"description\":\"\",\"publisher\":{\"@id\":\"https:\\\/\\\/kivikoda.ee\\\/#organization\"},\"potentialAction\":[{\"@type\":\"SearchAction\",\"target\":{\"@type\":\"EntryPoint\",\"urlTemplate\":\"https:\\\/\\\/kivikoda.ee\\\/?s={search_term_string}\"},\"query-input\":{\"@type\":\"PropertyValueSpecification\",\"valueRequired\":true,\"valueName\":\"search_term_string\"}}],\"inLanguage\":\"en-US\"},{\"@type\":\"Organization\",\"@id\":\"https:\\\/\\\/kivikoda.ee\\\/#organization\",\"name\":\"Kivikoda\",\"url\":\"https:\\\/\\\/kivikoda.ee\\\/\",\"logo\":{\"@type\":\"ImageObject\",\"inLanguage\":\"en-US\",\"@id\":\"https:\\\/\\\/kivikoda.ee\\\/#\\\/schema\\\/logo\\\/image\\\/\",\"url\":\"https:\\\/\\\/kivikoda.ee\\\/wp-content\\\/uploads\\\/2025\\\/06\\\/kivikoda-logo-must.svg\",\"contentUrl\":\"https:\\\/\\\/kivikoda.ee\\\/wp-content\\\/uploads\\\/2025\\\/06\\\/kivikoda-logo-must.svg\",\"width\":1,\"height\":1,\"caption\":\"Kivikoda\"},\"image\":{\"@id\":\"https:\\\/\\\/kivikoda.ee\\\/#\\\/schema\\\/logo\\\/image\\\/\"}}]}<\/script>\n<!-- \/ Yoast SEO plugin. -->","yoast_head_json":{"title":"Quartz - Stone workshop","description":"Dekton is an innovative coating material that is suitable for both indoor and outdoor use. Virtually maintenance-free!","robots":{"index":"index","follow":"follow","max-snippet":"max-snippet:-1","max-image-preview":"max-image-preview:large","max-video-preview":"max-video-preview:-1"},"canonical":"https:\/\/kivikoda.ee\/en\/natural-stone\/quartz\/","og_locale":"en_US","og_type":"article","og_title":"Kvarts - Kivikoda","og_description":"Dekton on innovaatiline pinnakattematerjal, mis sobib h\u00e4sti nii sise- kui ka v\u00e4listingimustesse. Praktiliselt t\u00e4iesti hooldusvaba materjal!","og_url":"https:\/\/kivikoda.ee\/en\/natural-stone\/quartz\/","og_site_name":"Kivikoda","article_modified_time":"2025-10-14T09:28:39+00:00","twitter_card":"summary_large_image","twitter_misc":{"Est. reading time":"1 minute"},"schema":{"@context":"https:\/\/schema.org","@graph":[{"@type":"WebPage","@id":"https:\/\/kivikoda.ee\/looduskivi\/kvarts\/","url":"https:\/\/kivikoda.ee\/looduskivi\/kvarts\/","name":"Quartz - Stone workshop","isPartOf":{"@id":"https:\/\/kivikoda.ee\/#website"},"datePublished":"2025-06-25T06:44:50+00:00","dateModified":"2025-10-14T09:28:39+00:00","description":"Dekton is an innovative coating material that is suitable for both indoor and outdoor use. Virtually maintenance-free!","breadcrumb":{"@id":"https:\/\/kivikoda.ee\/looduskivi\/kvarts\/#breadcrumb"},"inLanguage":"en-US","potentialAction":[{"@type":"ReadAction","target":["https:\/\/kivikoda.ee\/looduskivi\/kvarts\/"]}]},{"@type":"BreadcrumbList","@id":"https:\/\/kivikoda.ee\/looduskivi\/kvarts\/#breadcrumb","itemListElement":[{"@type":"ListItem","position":1,"name":"Home","item":"https:\/\/kivikoda.ee\/kivikoda-kivist-tootasapinnad\/"},{"@type":"ListItem","position":2,"name":"Looduskivi","item":"https:\/\/kivikoda.ee\/looduskivi\/"},{"@type":"ListItem","position":3,"name":"Kvarts"}]},{"@type":"WebSite","@id":"https:\/\/kivikoda.ee\/#website","url":"https:\/\/kivikoda.ee\/","name":"Stone shed","description":"","publisher":{"@id":"https:\/\/kivikoda.ee\/#organization"},"potentialAction":[{"@type":"SearchAction","target":{"@type":"EntryPoint","urlTemplate":"https:\/\/kivikoda.ee\/?s={search_term_string}"},"query-input":{"@type":"PropertyValueSpecification","valueRequired":true,"valueName":"search_term_string"}}],"inLanguage":"en-US"},{"@type":"Organization","@id":"https:\/\/kivikoda.ee\/#organization","name":"Stone shed","url":"https:\/\/kivikoda.ee\/","logo":{"@type":"ImageObject","inLanguage":"en-US","@id":"https:\/\/kivikoda.ee\/#\/schema\/logo\/image\/","url":"https:\/\/kivikoda.ee\/wp-content\/uploads\/2025\/06\/kivikoda-logo-must.svg","contentUrl":"https:\/\/kivikoda.ee\/wp-content\/uploads\/2025\/06\/kivikoda-logo-must.svg","width":1,"height":1,"caption":"Kivikoda"},"image":{"@id":"https:\/\/kivikoda.ee\/#\/schema\/logo\/image\/"}}]}},"_links":{"self":[{"href":"https:\/\/kivikoda.ee\/en\/wp-json\/wp\/v2\/pages\/2366","targetHints":{"allow":["GET"]}}],"collection":[{"href":"https:\/\/kivikoda.ee\/en\/wp-json\/wp\/v2\/pages"}],"about":[{"href":"https:\/\/kivikoda.ee\/en\/wp-json\/wp\/v2\/types\/page"}],"author":[{"embeddable":true,"href":"https:\/\/kivikoda.ee\/en\/wp-json\/wp\/v2\/users\/1"}],"replies":[{"embeddable":true,"href":"https:\/\/kivikoda.ee\/en\/wp-json\/wp\/v2\/comments?post=2366"}],"version-history":[{"count":5,"href":"https:\/\/kivikoda.ee\/en\/wp-json\/wp\/v2\/pages\/2366\/revisions"}],"predecessor-version":[{"id":2660,"href":"https:\/\/kivikoda.ee\/en\/wp-json\/wp\/v2\/pages\/2366\/revisions\/2660"}],"up":[{"embeddable":true,"href":"https:\/\/kivikoda.ee\/en\/wp-json\/wp\/v2\/pages\/618"}],"wp:attachment":[{"href":"https:\/\/kivikoda.ee\/en\/wp-json\/wp\/v2\/media?parent=2366"}],"curies":[{"name":"wp","href":"https:\/\/api.w.org\/{rel}","templated":true}]}}