{"id":615,"date":"2017-04-19T05:13:50","date_gmt":"2017-04-19T02:13:50","guid":{"rendered":"https:\/\/kivikoda.ee\/?page_id=615"},"modified":"2025-09-26T06:37:57","modified_gmt":"2025-09-26T06:37:57","slug":"engineered-stone","status":"publish","type":"page","link":"https:\/\/kivikoda.ee\/en\/engineered-stone\/","title":{"rendered":"Engineered stone"},"content":{"rendered":"<div id='av_section_1'  class='avia-section av-q6saf-a6224c1f21a3f15635c56fd1fe9c61a5 main_color avia-section-huge avia-no-shadow  avia-builder-el-0  el_before_av_masonry_gallery  avia-builder-el-first  avia-bg-style-scroll container_wrap fullsize'  ><div class='container av-section-cont-open' ><main  role=\"main\" itemprop=\"mainContentOfPage\"  class='template-page content  av-content-full alpha units'><div class='post-entry post-entry-type-page post-entry-615'><div class='entry-content-wrapper clearfix'>\n\n<style type=\"text\/css\" data-created_by=\"avia_inline_auto\" id=\"style-css-av-lc60v-e11fc29e38859ab34da8933ee6a17717\">\n#top .flex_column.av-lc60v-e11fc29e38859ab34da8933ee6a17717{\nmargin-top:0px;\nmargin-bottom:0px;\n}\n.flex_column.av-lc60v-e11fc29e38859ab34da8933ee6a17717{\nborder-radius:0px 0px 0px 0px;\npadding:0px 0px 0px 0px;\n}\n.responsive #top #wrap_all .flex_column.av-lc60v-e11fc29e38859ab34da8933ee6a17717{\nmargin-top:0px;\nmargin-bottom:0px;\n}\n<\/style>\n<div  class='flex_column av-lc60v-e11fc29e38859ab34da8933ee6a17717 av_one_full  avia-builder-el-1  el_before_av_one_half  avia-builder-el-first  first flex_column_div av-animated-generic fade-in av-zero-column-padding'     ><style type=\"text\/css\" data-created_by=\"avia_inline_auto\" id=\"style-css-av-macekaju-1624cd9a3f91f9f2b11643a29496d9a0\">\n#top .av-special-heading.av-macekaju-1624cd9a3f91f9f2b11643a29496d9a0{\nmargin:40px 0 170px 0;\npadding-bottom:0;\nfont-size:5vw;\n}\nbody .av-special-heading.av-macekaju-1624cd9a3f91f9f2b11643a29496d9a0 .av-special-heading-tag .heading-char{\nfont-size:25px;\n}\n#top #wrap_all .av-special-heading.av-macekaju-1624cd9a3f91f9f2b11643a29496d9a0 .av-special-heading-tag{\nfont-size:5vw;\n}\n.av-special-heading.av-macekaju-1624cd9a3f91f9f2b11643a29496d9a0 .av-subheading{\nfont-size:30px;\n}\n\n@media only screen and (min-width: 480px) and (max-width: 767px){ \n#top #wrap_all .av-special-heading.av-macekaju-1624cd9a3f91f9f2b11643a29496d9a0 .av-special-heading-tag{\nfont-size:0.8em;\n}\n}\n\n@media only screen and (max-width: 479px){ \n#top #wrap_all .av-special-heading.av-macekaju-1624cd9a3f91f9f2b11643a29496d9a0 .av-special-heading-tag{\nfont-size:0.8em;\n}\n}\n<\/style>\n<div  class='av-special-heading av-macekaju-1624cd9a3f91f9f2b11643a29496d9a0 av-special-heading-h1 blockquote modern-quote  avia-builder-el-2  avia-builder-el-no-sibling  av-inherit-size'><h1 class='av-special-heading-tag'  itemprop=\"headline\"  >Engineered stone<\/h1><div class='av-subheading av-subheading_below'><p>the best choice for the interiors of intensive use and high hygiene requirements<\/p>\n<\/div><div class=\"special-heading-border\"><div class=\"special-heading-inner-border\"><\/div><\/div><\/div><\/div>\n<style type=\"text\/css\" data-created_by=\"avia_inline_auto\" id=\"style-css-av-hn5fz-a84ef4cdfede470fa133cd3cfa6ad3f2\">\n.flex_column.av-hn5fz-a84ef4cdfede470fa133cd3cfa6ad3f2{\nborder-radius:0px 0px 0px 0px;\npadding:0px 0px 0px 0px;\n}\n<\/style>\n<div  class='flex_column av-hn5fz-a84ef4cdfede470fa133cd3cfa6ad3f2 av_one_half  avia-builder-el-3  el_after_av_one_full  el_before_av_one_half  first flex_column_div av-animated-generic bottom-to-top av-zero-column-padding  column-top-margin'     ><section  class='av_textblock_section av-macekxxp-6a0479b6c496d036f6da122703aa9131'   itemscope=\"itemscope\" itemtype=\"https:\/\/schema.org\/CreativeWork\" ><div class='avia_textblock'  itemprop=\"text\" ><p style=\"text-align: justify;\">Engineered stone is particularly suitable for kitchen (worktops, sinks) and bathroom (wall and floor covering, worktops and sinks), but also for other rooms requiring practical, strong, dirt resistant and at the same time aesthetical solution.<\/p>\n<blockquote>\n<p class=\"translation-block\">Engineered stone is of high quality, easy to maintain and long-lasting fine material.<\/p>\n<\/blockquote>\n<p style=\"text-align: justify;\" class=\"translation-block\">One advantage of engineered stone before natural stone is the possibility to use light colour tones on kitchen worktops. The tiles with colour fit with the interior design concept can be chosen also based on the small sample piece, as the colour tones of engineered stone are extra finely tuned.<\/p>\n<\/div><\/section><\/div>\n<style type=\"text\/css\" data-created_by=\"avia_inline_auto\" id=\"style-css-av-9f39j-a327c27126ba96e167b97486e43165b0\">\n.flex_column.av-9f39j-a327c27126ba96e167b97486e43165b0{\nborder-radius:0px 0px 0px 0px;\npadding:0px 0px 0px 0px;\n}\n<\/style>\n<div  class='flex_column av-9f39j-a327c27126ba96e167b97486e43165b0 av_one_half  avia-builder-el-5  el_after_av_one_half  avia-builder-el-last  flex_column_div av-animated-generic bottom-to-top av-zero-column-padding  column-top-margin'     ><section  class='av_textblock_section av-macell5v-c284cb9b4cc1f70f80a310fc8151e384'   itemscope=\"itemscope\" itemtype=\"https:\/\/schema.org\/CreativeWork\" ><div class='avia_textblock'  itemprop=\"text\" ><p style=\"text-align: justify;\">\u00a0The product range of KIVIKODA O\u00dc includes two types of top-quality engineered stones:<\/p>\n<ol>\n<li style=\"text-align: justify;\">made of natural quartz <a href=\"\/en\/tehiskivi\/silestone\/\"><strong>Silestone<\/strong><\/a><\/li>\n<li style=\"text-align: justify;\">combining the best qualities of ceramics, glass and stone <a href=\"\/en\/tehiskivi\/dekton\/\"><strong>Dekton<\/strong><\/a>.<\/li>\n<\/ol>\n<\/div><\/section><\/div>\n<style type=\"text\/css\" data-created_by=\"avia_inline_auto\" id=\"style-css-av-macemugs-fd67fdb72fb99728662363684eb597fc\">\n#top .av-masonry.av-macemugs-fd67fdb72fb99728662363684eb597fc{\nbackground-color:#111111;\n}\n<\/style>\n<div id='av-masonry-1' class='av-masonry av-macemugs-fd67fdb72fb99728662363684eb597fc noHover av-fixed-size av-large-gap av-hover-overlay- av-masonry-animation-active av-masonry-col-3 av-caption-always av-caption-style- av-masonry-gallery av-orientation-square' data-post_id=\"615\"><div class=\"av-masonry-container isotope av-js-disabled\"><div class='av-masonry-entry isotope-item av-masonry-item-no-image'><\/div><div id='av-masonry-1-item-1644' data-av-masonry-item='1644' class='av-masonry-entry isotope-item post-1644 attachment type-attachment status-inherit hentry  av-masonry-item-with-image'    itemprop=\"thumbnailUrl\" ><div class='av-inner-masonry-sizer'><\/div><figure class='av-inner-masonry main_color'><div class=\"av-masonry-outerimage-container\"><div class='av-masonry-image-container' style=\"background-image: url(https:\/\/kivikoda.ee\/wp-content\/uploads\/2023\/01\/Ambiences_Kraftizen_Umber_01-705x705.jpg);\"  title=\"Ambiences_Power_Umber_01\" ><\/div><\/div><\/figure><\/div><!--end av-masonry entry--><div id='av-masonry-1-item-1641' data-av-masonry-item='1641' class='av-masonry-entry isotope-item post-1641 attachment type-attachment status-inherit hentry  av-masonry-item-with-image'    itemprop=\"thumbnailUrl\" ><div class='av-inner-masonry-sizer'><\/div><figure class='av-inner-masonry main_color'><div class=\"av-masonry-outerimage-container\"><div class='av-masonry-image-container' style=\"background-image: url(https:\/\/kivikoda.ee\/wp-content\/uploads\/2023\/01\/Ambiences_Kraftizen_Micron_02-2-648x705.jpg);\"  title=\"Ambiences_Krafttizen_Micron_02 (2)\" ><\/div><\/div><\/figure><\/div><!--end av-masonry entry--><div id='av-masonry-1-item-1536' data-av-masonry-item='1536' class='av-masonry-entry isotope-item post-1536 attachment type-attachment status-inherit hentry  av-masonry-item-with-image'    itemprop=\"thumbnailUrl\" ><div class='av-inner-masonry-sizer'><\/div><figure class='av-inner-masonry main_color'><div class=\"av-masonry-outerimage-container\"><div class='av-masonry-image-container' style=\"background-image: url(https:\/\/kivikoda.ee\/wp-content\/uploads\/2022\/03\/1-7.jpg-680x705.webp);\"  title=\"1-7.jpg\" ><\/div><\/div><\/figure><\/div><!--end av-masonry entry--><\/div><\/div><\/p>","protected":false},"excerpt":{"rendered":"","protected":false},"author":2,"featured_media":0,"parent":0,"menu_order":1,"comment_status":"closed","ping_status":"closed","template":"","meta":{"footnotes":""},"class_list":["post-615","page","type-page","status-publish","hentry"],"yoast_head":"<!-- This site is optimized with the Yoast SEO plugin v27.4 - https:\/\/yoast.com\/product\/yoast-seo-wordpress\/ -->\n<title>Presskivi - Kivikoda<\/title>\n<meta name=\"description\" content=\"Presskivi on parim valik intensiivse kasutuse ja k\u00f5rgete h\u00fcgieenin\u00f5udmistega interj\u00f6\u00f6ridesse. Kvaliteetne, kerge hooldada ja p\u00fcsib kaua.\" \/>\n<meta name=\"robots\" content=\"index, follow, max-snippet:-1, max-image-preview:large, max-video-preview:-1\" \/>\n<link rel=\"canonical\" href=\"https:\/\/kivikoda.ee\/en\/engineered-stone\/\" \/>\n<meta property=\"og:locale\" content=\"en_US\" \/>\n<meta property=\"og:type\" content=\"article\" \/>\n<meta property=\"og:title\" content=\"Presskivi - Kivikoda\" \/>\n<meta property=\"og:description\" content=\"Presskivi on parim valik intensiivse kasutuse ja k\u00f5rgete h\u00fcgieenin\u00f5udmistega interj\u00f6\u00f6ridesse. Kvaliteetne, kerge hooldada ja p\u00fcsib kaua.\" \/>\n<meta property=\"og:url\" content=\"https:\/\/kivikoda.ee\/en\/engineered-stone\/\" \/>\n<meta property=\"og:site_name\" content=\"Kivikoda\" \/>\n<meta property=\"article:modified_time\" content=\"2025-09-26T06:37:57+00:00\" \/>\n<meta name=\"twitter:card\" content=\"summary_large_image\" \/>\n<meta name=\"twitter:label1\" content=\"Est. reading time\" \/>\n\t<meta name=\"twitter:data1\" content=\"1 minute\" \/>\n<script type=\"application\/ld+json\" class=\"yoast-schema-graph\">{\"@context\":\"https:\\\/\\\/schema.org\",\"@graph\":[{\"@type\":\"WebPage\",\"@id\":\"https:\\\/\\\/kivikoda.ee\\\/presskivi\\\/\",\"url\":\"https:\\\/\\\/kivikoda.ee\\\/presskivi\\\/\",\"name\":\"Presskivi - Kivikoda\",\"isPartOf\":{\"@id\":\"https:\\\/\\\/kivikoda.ee\\\/#website\"},\"datePublished\":\"2017-04-19T02:13:50+00:00\",\"dateModified\":\"2025-09-26T06:37:57+00:00\",\"description\":\"Presskivi on parim valik intensiivse kasutuse ja k\u00f5rgete h\u00fcgieenin\u00f5udmistega interj\u00f6\u00f6ridesse. Kvaliteetne, kerge hooldada ja p\u00fcsib kaua.\",\"breadcrumb\":{\"@id\":\"https:\\\/\\\/kivikoda.ee\\\/presskivi\\\/#breadcrumb\"},\"inLanguage\":\"en-US\",\"potentialAction\":[{\"@type\":\"ReadAction\",\"target\":[\"https:\\\/\\\/kivikoda.ee\\\/presskivi\\\/\"]}]},{\"@type\":\"BreadcrumbList\",\"@id\":\"https:\\\/\\\/kivikoda.ee\\\/presskivi\\\/#breadcrumb\",\"itemListElement\":[{\"@type\":\"ListItem\",\"position\":1,\"name\":\"Home\",\"item\":\"https:\\\/\\\/kivikoda.ee\\\/kivikoda-kivist-tootasapinnad\\\/\"},{\"@type\":\"ListItem\",\"position\":2,\"name\":\"Presskivi\"}]},{\"@type\":\"WebSite\",\"@id\":\"https:\\\/\\\/kivikoda.ee\\\/#website\",\"url\":\"https:\\\/\\\/kivikoda.ee\\\/\",\"name\":\"Kivikoda\",\"description\":\"\",\"publisher\":{\"@id\":\"https:\\\/\\\/kivikoda.ee\\\/#organization\"},\"potentialAction\":[{\"@type\":\"SearchAction\",\"target\":{\"@type\":\"EntryPoint\",\"urlTemplate\":\"https:\\\/\\\/kivikoda.ee\\\/?s={search_term_string}\"},\"query-input\":{\"@type\":\"PropertyValueSpecification\",\"valueRequired\":true,\"valueName\":\"search_term_string\"}}],\"inLanguage\":\"en-US\"},{\"@type\":\"Organization\",\"@id\":\"https:\\\/\\\/kivikoda.ee\\\/#organization\",\"name\":\"Kivikoda\",\"url\":\"https:\\\/\\\/kivikoda.ee\\\/\",\"logo\":{\"@type\":\"ImageObject\",\"inLanguage\":\"en-US\",\"@id\":\"https:\\\/\\\/kivikoda.ee\\\/#\\\/schema\\\/logo\\\/image\\\/\",\"url\":\"https:\\\/\\\/kivikoda.ee\\\/wp-content\\\/uploads\\\/2025\\\/06\\\/kivikoda-logo-must.svg\",\"contentUrl\":\"https:\\\/\\\/kivikoda.ee\\\/wp-content\\\/uploads\\\/2025\\\/06\\\/kivikoda-logo-must.svg\",\"width\":1,\"height\":1,\"caption\":\"Kivikoda\"},\"image\":{\"@id\":\"https:\\\/\\\/kivikoda.ee\\\/#\\\/schema\\\/logo\\\/image\\\/\"}}]}<\/script>\n<!-- \/ Yoast SEO plugin. -->","yoast_head_json":{"title":"Pressed stone - Stone shed","description":"Pressed stone is the best choice for interiors with intensive use and high hygiene requirements. High quality, easy to maintain and long lasting.","robots":{"index":"index","follow":"follow","max-snippet":"max-snippet:-1","max-image-preview":"max-image-preview:large","max-video-preview":"max-video-preview:-1"},"canonical":"https:\/\/kivikoda.ee\/en\/engineered-stone\/","og_locale":"en_US","og_type":"article","og_title":"Presskivi - Kivikoda","og_description":"Presskivi on parim valik intensiivse kasutuse ja k\u00f5rgete h\u00fcgieenin\u00f5udmistega interj\u00f6\u00f6ridesse. Kvaliteetne, kerge hooldada ja p\u00fcsib kaua.","og_url":"https:\/\/kivikoda.ee\/en\/engineered-stone\/","og_site_name":"Kivikoda","article_modified_time":"2025-09-26T06:37:57+00:00","twitter_card":"summary_large_image","twitter_misc":{"Est. reading time":"1 minute"},"schema":{"@context":"https:\/\/schema.org","@graph":[{"@type":"WebPage","@id":"https:\/\/kivikoda.ee\/presskivi\/","url":"https:\/\/kivikoda.ee\/presskivi\/","name":"Pressed stone - Stone shed","isPartOf":{"@id":"https:\/\/kivikoda.ee\/#website"},"datePublished":"2017-04-19T02:13:50+00:00","dateModified":"2025-09-26T06:37:57+00:00","description":"Pressed stone is the best choice for interiors with intensive use and high hygiene requirements. High quality, easy to maintain and long lasting.","breadcrumb":{"@id":"https:\/\/kivikoda.ee\/presskivi\/#breadcrumb"},"inLanguage":"en-US","potentialAction":[{"@type":"ReadAction","target":["https:\/\/kivikoda.ee\/presskivi\/"]}]},{"@type":"BreadcrumbList","@id":"https:\/\/kivikoda.ee\/presskivi\/#breadcrumb","itemListElement":[{"@type":"ListItem","position":1,"name":"Home","item":"https:\/\/kivikoda.ee\/kivikoda-kivist-tootasapinnad\/"},{"@type":"ListItem","position":2,"name":"Presskivi"}]},{"@type":"WebSite","@id":"https:\/\/kivikoda.ee\/#website","url":"https:\/\/kivikoda.ee\/","name":"Stone shed","description":"","publisher":{"@id":"https:\/\/kivikoda.ee\/#organization"},"potentialAction":[{"@type":"SearchAction","target":{"@type":"EntryPoint","urlTemplate":"https:\/\/kivikoda.ee\/?s={search_term_string}"},"query-input":{"@type":"PropertyValueSpecification","valueRequired":true,"valueName":"search_term_string"}}],"inLanguage":"en-US"},{"@type":"Organization","@id":"https:\/\/kivikoda.ee\/#organization","name":"Stone shed","url":"https:\/\/kivikoda.ee\/","logo":{"@type":"ImageObject","inLanguage":"en-US","@id":"https:\/\/kivikoda.ee\/#\/schema\/logo\/image\/","url":"https:\/\/kivikoda.ee\/wp-content\/uploads\/2025\/06\/kivikoda-logo-must.svg","contentUrl":"https:\/\/kivikoda.ee\/wp-content\/uploads\/2025\/06\/kivikoda-logo-must.svg","width":1,"height":1,"caption":"Kivikoda"},"image":{"@id":"https:\/\/kivikoda.ee\/#\/schema\/logo\/image\/"}}]}},"_links":{"self":[{"href":"https:\/\/kivikoda.ee\/en\/wp-json\/wp\/v2\/pages\/615","targetHints":{"allow":["GET"]}}],"collection":[{"href":"https:\/\/kivikoda.ee\/en\/wp-json\/wp\/v2\/pages"}],"about":[{"href":"https:\/\/kivikoda.ee\/en\/wp-json\/wp\/v2\/types\/page"}],"author":[{"embeddable":true,"href":"https:\/\/kivikoda.ee\/en\/wp-json\/wp\/v2\/users\/2"}],"replies":[{"embeddable":true,"href":"https:\/\/kivikoda.ee\/en\/wp-json\/wp\/v2\/comments?post=615"}],"version-history":[{"count":9,"href":"https:\/\/kivikoda.ee\/en\/wp-json\/wp\/v2\/pages\/615\/revisions"}],"predecessor-version":[{"id":2403,"href":"https:\/\/kivikoda.ee\/en\/wp-json\/wp\/v2\/pages\/615\/revisions\/2403"}],"wp:attachment":[{"href":"https:\/\/kivikoda.ee\/en\/wp-json\/wp\/v2\/media?parent=615"}],"curies":[{"name":"wp","href":"https:\/\/api.w.org\/{rel}","templated":true}]}}