{"id":618,"date":"2017-04-19T05:14:28","date_gmt":"2017-04-19T02:14:28","guid":{"rendered":"https:\/\/kivikoda.ee\/?page_id=618"},"modified":"2025-09-26T06:37:57","modified_gmt":"2025-09-26T06:37:57","slug":"natural-stone","status":"publish","type":"page","link":"https:\/\/kivikoda.ee\/en\/natural-stone\/","title":{"rendered":"Natural stone"},"content":{"rendered":"<div id='row-1'  class='avia-section av-2r3kkq-687194aecc2cc0e2c5d862d81b526c18 main_color avia-section-huge avia-no-border-styling  avia-builder-el-0  el_before_av_masonry_gallery  avia-builder-el-first  avia-bg-style-scroll container_wrap fullsize'  ><div class='container av-section-cont-open' ><main  role=\"main\" itemprop=\"mainContentOfPage\"  class='template-page content  av-content-full alpha units'><div class='post-entry post-entry-type-page post-entry-618'><div class='entry-content-wrapper clearfix'>\n\n<style type=\"text\/css\" data-created_by=\"avia_inline_auto\" id=\"style-css-av-2h3g2i-df8d589f4ea96b29b30b7e4722759058\">\n#top .flex_column.av-2h3g2i-df8d589f4ea96b29b30b7e4722759058{\nmargin-top:0px;\nmargin-bottom:0px;\n}\n.flex_column.av-2h3g2i-df8d589f4ea96b29b30b7e4722759058{\nborder-radius:0px 0px 0px 0px;\npadding:0px 0px 0px 0px;\n}\n.responsive #top #wrap_all .flex_column.av-2h3g2i-df8d589f4ea96b29b30b7e4722759058{\nmargin-top:0px;\nmargin-bottom:0px;\n}\n<\/style>\n<div  class='flex_column av-2h3g2i-df8d589f4ea96b29b30b7e4722759058 av_one_full  avia-builder-el-1  el_before_av_one_half  avia-builder-el-first  first flex_column_div av-animated-generic fade-in av-zero-column-padding'     ><style type=\"text\/css\" data-created_by=\"avia_inline_auto\" id=\"style-css-av-290yia-76ed5b6ca30ace18b1bf42d9a7c3b4b9\">\n#top .av-special-heading.av-290yia-76ed5b6ca30ace18b1bf42d9a7c3b4b9{\nmargin:40px 0 170px 0;\npadding-bottom:20px;\nfont-size:5vw;\n}\nbody .av-special-heading.av-290yia-76ed5b6ca30ace18b1bf42d9a7c3b4b9 .av-special-heading-tag .heading-char{\nfont-size:25px;\n}\n#top #wrap_all .av-special-heading.av-290yia-76ed5b6ca30ace18b1bf42d9a7c3b4b9 .av-special-heading-tag{\nfont-size:5vw;\n}\n.av-special-heading.av-290yia-76ed5b6ca30ace18b1bf42d9a7c3b4b9 .av-subheading{\nfont-size:30px;\n}\n\n@media only screen and (min-width: 480px) and (max-width: 767px){ \n#top #wrap_all .av-special-heading.av-290yia-76ed5b6ca30ace18b1bf42d9a7c3b4b9 .av-special-heading-tag{\nfont-size:0.8em;\n}\n}\n\n@media only screen and (max-width: 479px){ \n#top #wrap_all .av-special-heading.av-290yia-76ed5b6ca30ace18b1bf42d9a7c3b4b9 .av-special-heading-tag{\nfont-size:0.8em;\n}\n}\n<\/style>\n<div  class='av-special-heading av-290yia-76ed5b6ca30ace18b1bf42d9a7c3b4b9 av-special-heading-h1 blockquote modern-quote  avia-builder-el-2  avia-builder-el-no-sibling  av-inherit-size'><h1 class='av-special-heading-tag'  itemprop=\"headline\"  >Natural stone<\/h1><div class='av-subheading av-subheading_below'><p>the globally most-used natural stone<\/p>\n<\/div><div class=\"special-heading-border\"><div class=\"special-heading-inner-border\"><\/div><\/div><\/div><\/div><div class='flex_column_table av-1x3y2a-c81e1927ccd485499f1a6ee7278d153d sc-av_one_half av-equal-height-column-flextable'>\n<style type=\"text\/css\" data-created_by=\"avia_inline_auto\" id=\"style-css-av-1x3y2a-c81e1927ccd485499f1a6ee7278d153d\">\n.flex_column.av-1x3y2a-c81e1927ccd485499f1a6ee7278d153d{\nborder-radius:0px 0px 0px 0px;\npadding:0px 0px 0px 0px;\n}\n<\/style>\n<div  class='flex_column av-1x3y2a-c81e1927ccd485499f1a6ee7278d153d av_one_half  avia-builder-el-3  el_after_av_one_full  el_before_av_one_half  first flex_column_table_cell av-equal-height-column av-align-top av-animated-generic bottom-to-top av-zero-column-padding  column-top-margin'     ><section  class='av_textblock_section av-69r0q-877ac97c1bb8174dc45a792522c74346'   itemscope=\"itemscope\" itemtype=\"https:\/\/schema.org\/CreativeWork\" ><div class='avia_textblock'  itemprop=\"text\" ><p style=\"text-align: justify;\" class=\"translation-block\">GRANITE is the globally most-used natural stone, found in most different colour tones. As regards technical properties, granite is the <strong>best out of natural stones<\/strong>: very strong, compact, frostproof and more durable than human life \u2013 also in case of intensive use.<\/p>\n<p style=\"text-align: justify;\">In addition to its uniqueness, the advantages of natural stone include. <strong>coming from pure nature<\/strong>In general granite is more <strong>inexpensive<\/strong> solution than engineered quartzite. Unlike marble, this stone can be used both indoors and outdoors.<\/p>\n<p style=\"text-align: justify;\" class=\"translation-block\">The rough granite with burnt finishing is an ideal material for outdoor stairs and pavement, as it is not slippery and is salt tolerant.<\/p>\n<\/div><\/section><\/div><div class='av-flex-placeholder'><\/div>\n<style type=\"text\/css\" data-created_by=\"avia_inline_auto\" id=\"style-css-av-1jn8zm-64d4a0b801ce9754c94aeb2ff50a2c41\">\n.flex_column.av-1jn8zm-64d4a0b801ce9754c94aeb2ff50a2c41{\nborder-radius:0px 0px 0px 0px;\npadding:0px 0px 0px 0px;\n}\n<\/style>\n<div  class='flex_column av-1jn8zm-64d4a0b801ce9754c94aeb2ff50a2c41 av_one_half  avia-builder-el-5  el_after_av_one_half  el_before_av_one_full  flex_column_table_cell av-equal-height-column av-align-top av-animated-generic bottom-to-top av-zero-column-padding  column-top-margin'     ><section  class='av_textblock_section av-1ems2q-49c631eabd6a40380c5f339fda590cbc'   itemscope=\"itemscope\" itemtype=\"https:\/\/schema.org\/CreativeWork\" ><div class='avia_textblock'  itemprop=\"text\" ><p>Granite fits perfectly for worktop of the kitchen or grill corner \u2013 especially if granite in dark tones is chosen for that purpose, as the light tones of granite tend to get greasy easier. <strong>continuous and professional care<\/strong>.<\/p>\n<blockquote>\n<p class=\"translation-block\">Due to being frostproof, granite is the best stone in the Estonian climate conditions, suitable for use everywhere.<\/p>\n<\/blockquote>\n<p class=\"translation-block\">Granite tile is also recommended for office building facades, salon floors as well as for outdoor terrace foundations.<\/p>\n<\/div><\/section><\/div><\/div><!--close column table wrapper. Autoclose: 1 -->\n<style type=\"text\/css\" data-created_by=\"avia_inline_auto\" id=\"style-css-av-18exfm-3c136f6112891ed2f2508538a39c47a0\">\n.flex_column.av-18exfm-3c136f6112891ed2f2508538a39c47a0{\nborder-radius:0px 0px 0px 0px;\npadding:0px 5% 0px 5%;\n}\n<\/style>\n<div  class='flex_column av-18exfm-3c136f6112891ed2f2508538a39c47a0 av_one_full  avia-builder-el-7  el_after_av_one_half  avia-builder-el-last  first flex_column_div av-animated-generic bottom-to-top  column-top-margin'     ><style type=\"text\/css\" data-created_by=\"avia_inline_auto\" id=\"style-css-av-130nlu-82e8f02b80d093a549b068d9664be206\">\n.avia_message_box.av-130nlu-82e8f02b80d093a549b068d9664be206{\nbackground-color:#3359a8;\ncolor:#ffffff;\n}\n.avia_message_box.av-130nlu-82e8f02b80d093a549b068d9664be206 .avia_message_box_icon.avia-svg-icon svg:first-child{\nfill:#ffffff;\nstroke:#ffffff;\n}\n<\/style>\n<div id='avia-messagebox-' class='avia_message_box av_notification av-130nlu-82e8f02b80d093a549b068d9664be206 avia-color-custom avia-size-large avia-icon_select-no avia-border-  avia-builder-el-8  avia-builder-el-no-sibling' ><div class=\"avia_message_box_content\"><p>KIVIKODA O\u00dc is one of the few Estonian stone companies offering large granite tiles.\nThey have more than 20 different colours of tiles available in the warehouse.<\/p>\n<\/div><\/div><\/div>\n<style type=\"text\/css\" data-created_by=\"avia_inline_auto\" id=\"style-css-av-macfpoa6-3e40448a31b08e94210c42d996047b03\">\n#top .av-masonry.av-macfpoa6-3e40448a31b08e94210c42d996047b03{\nbackground-color:#000000;\n}\n<\/style>\n<div id='av-masonry-1' class='av-masonry av-macfpoa6-3e40448a31b08e94210c42d996047b03 noHover av-fixed-size av-large-gap av-hover-overlay-active av-masonry-animation-active av-masonry-col-3 av-caption-always av-caption-style- av-masonry-gallery av-orientation-square' data-post_id=\"618\"><div class=\"av-masonry-container isotope av-js-disabled\"><div class='av-masonry-entry isotope-item av-masonry-item-no-image'><\/div><a href=\"https:\/\/kivikoda.ee\/wp-content\/uploads\/2022\/03\/Stilleben-Silestone-Ethereal-Dusk-1030x739.jpg\" data-srcset=\"https:\/\/kivikoda.ee\/wp-content\/uploads\/2022\/03\/Stilleben-Silestone-Ethereal-Dusk-1030x739.jpg 1030w, https:\/\/kivikoda.ee\/wp-content\/uploads\/2022\/03\/Stilleben-Silestone-Ethereal-Dusk-300x215.jpg 300w, https:\/\/kivikoda.ee\/wp-content\/uploads\/2022\/03\/Stilleben-Silestone-Ethereal-Dusk-768x551.jpg 768w, https:\/\/kivikoda.ee\/wp-content\/uploads\/2022\/03\/Stilleben-Silestone-Ethereal-Dusk-1500x1076.jpg 1500w, https:\/\/kivikoda.ee\/wp-content\/uploads\/2022\/03\/Stilleben-Silestone-Ethereal-Dusk-705x506.jpg 705w, https:\/\/kivikoda.ee\/wp-content\/uploads\/2022\/03\/Stilleben-Silestone-Ethereal-Dusk.jpg 1505w\" data-sizes=\"(max-width: 1030px) 100vw, 1030px\"  aria-label=\"image Still life Silestone Ethereal Dusk\"  id='av-masonry-1-item-1477' data-av-masonry-item='1477' class='av-masonry-entry isotope-item post-1477 attachment type-attachment status-inherit hentry  av-masonry-item-with-image' title=\"Still Life Silestone Ethereal Dusk\" alt=\"\"    itemprop=\"thumbnailUrl\" ><div class='av-inner-masonry-sizer'><\/div><figure class='av-inner-masonry main_color'><div class=\"av-masonry-outerimage-container\"><div class='av-masonry-image-container' style=\"background-image: url(https:\/\/kivikoda.ee\/wp-content\/uploads\/2022\/03\/Stilleben-Silestone-Ethereal-Dusk-705x506.jpg);\"  title=\"Still Life Silestone Ethereal Dusk\" ><\/div><\/div><\/figure><\/a><!--end av-masonry entry--><a href=\"https:\/\/kivikoda.ee\/wp-content\/uploads\/2022\/03\/Stilleben-Silestone-Ethereal-Noctis-1030x765.jpg\" data-srcset=\"https:\/\/kivikoda.ee\/wp-content\/uploads\/2022\/03\/Stilleben-Silestone-Ethereal-Noctis-1030x765.jpg 1030w, https:\/\/kivikoda.ee\/wp-content\/uploads\/2022\/03\/Stilleben-Silestone-Ethereal-Noctis-300x223.jpg 300w, https:\/\/kivikoda.ee\/wp-content\/uploads\/2022\/03\/Stilleben-Silestone-Ethereal-Noctis-768x570.jpg 768w, https:\/\/kivikoda.ee\/wp-content\/uploads\/2022\/03\/Stilleben-Silestone-Ethereal-Noctis-705x524.jpg 705w, https:\/\/kivikoda.ee\/wp-content\/uploads\/2022\/03\/Stilleben-Silestone-Ethereal-Noctis.jpg 1454w\" data-sizes=\"(max-width: 1030px) 100vw, 1030px\"  aria-label=\"image still life Silestone Ethereal Noctis\"  id='av-masonry-1-item-1480' data-av-masonry-item='1480' class='av-masonry-entry isotope-item post-1480 attachment type-attachment status-inherit hentry  av-masonry-item-with-image' title=\"Still life Silestone Ethereal Noctis\" alt=\"\"    itemprop=\"thumbnailUrl\" ><div class='av-inner-masonry-sizer'><\/div><figure class='av-inner-masonry main_color'><div class=\"av-masonry-outerimage-container\"><div class='av-masonry-image-container' style=\"background-image: url(https:\/\/kivikoda.ee\/wp-content\/uploads\/2022\/03\/Stilleben-Silestone-Ethereal-Noctis-705x524.jpg);\"  title=\"Still life Silestone Ethereal Noctis\" ><\/div><\/div><\/figure><\/a><!--end av-masonry entry--><a href=\"https:\/\/kivikoda.ee\/wp-content\/uploads\/2022\/03\/Silestone-Kitchen-Loft-Seaport-Detalle-1030x1030.jpg\" data-srcset=\"https:\/\/kivikoda.ee\/wp-content\/uploads\/2022\/03\/Silestone-Kitchen-Loft-Seaport-Detalle-1030x1030.jpg 1030w, https:\/\/kivikoda.ee\/wp-content\/uploads\/2022\/03\/Silestone-Kitchen-Loft-Seaport-Detalle-300x300.jpg 300w, https:\/\/kivikoda.ee\/wp-content\/uploads\/2022\/03\/Silestone-Kitchen-Loft-Seaport-Detalle-80x80.jpg 80w, https:\/\/kivikoda.ee\/wp-content\/uploads\/2022\/03\/Silestone-Kitchen-Loft-Seaport-Detalle-768x768.jpg 768w, https:\/\/kivikoda.ee\/wp-content\/uploads\/2022\/03\/Silestone-Kitchen-Loft-Seaport-Detalle-1536x1536.jpg 1536w, https:\/\/kivikoda.ee\/wp-content\/uploads\/2022\/03\/Silestone-Kitchen-Loft-Seaport-Detalle-36x36.jpg 36w, https:\/\/kivikoda.ee\/wp-content\/uploads\/2022\/03\/Silestone-Kitchen-Loft-Seaport-Detalle-180x180.jpg 180w, https:\/\/kivikoda.ee\/wp-content\/uploads\/2022\/03\/Silestone-Kitchen-Loft-Seaport-Detalle-1500x1500.jpg 1500w, https:\/\/kivikoda.ee\/wp-content\/uploads\/2022\/03\/Silestone-Kitchen-Loft-Seaport-Detalle-705x705.jpg 705w, https:\/\/kivikoda.ee\/wp-content\/uploads\/2022\/03\/Silestone-Kitchen-Loft-Seaport-Detalle.jpg 1600w\" data-sizes=\"(max-width: 1030px) 100vw, 1030px\"  aria-label=\"image Silestone Kitchen - Loft Seaport Detail\"  id='av-masonry-1-item-1465' data-av-masonry-item='1465' class='av-masonry-entry isotope-item post-1465 attachment type-attachment status-inherit hentry  av-masonry-item-with-image' title=\"Silestone Kitchen - Loft Seaport Detail\" alt=\"\"    itemprop=\"thumbnailUrl\" ><div class='av-inner-masonry-sizer'><\/div><figure class='av-inner-masonry main_color'><div class=\"av-masonry-outerimage-container\"><div class='av-masonry-image-container' style=\"background-image: url(https:\/\/kivikoda.ee\/wp-content\/uploads\/2022\/03\/Silestone-Kitchen-Loft-Seaport-Detalle-705x705.jpg);\"  title=\"Silestone Kitchen - Loft Seaport Detail\" ><\/div><\/div><\/figure><\/a><!--end av-masonry entry--><\/div><\/div><\/p>","protected":false},"excerpt":{"rendered":"","protected":false},"author":2,"featured_media":0,"parent":0,"menu_order":2,"comment_status":"closed","ping_status":"closed","template":"","meta":{"footnotes":""},"class_list":["post-618","page","type-page","status-publish","hentry"],"yoast_head":"<!-- This site is optimized with the Yoast SEO plugin v27.5 - https:\/\/yoast.com\/product\/yoast-seo-wordpress\/ -->\n<title>Looduskivi - Kivikoda<\/title>\n<meta name=\"description\" content=\"Looduskivi on parim valik neile, kes soovivad oma interj\u00f6\u00f6re rikastada ainulaadsete ja kordumatute kivipindadega. Uuri l\u00e4hemalt!\" \/>\n<meta name=\"robots\" content=\"index, follow, max-snippet:-1, max-image-preview:large, max-video-preview:-1\" \/>\n<link rel=\"canonical\" href=\"https:\/\/kivikoda.ee\/en\/natural-stone\/\" \/>\n<meta property=\"og:locale\" content=\"en_US\" \/>\n<meta property=\"og:type\" content=\"article\" \/>\n<meta property=\"og:title\" content=\"Looduskivi - Kivikoda\" \/>\n<meta property=\"og:description\" content=\"Looduskivi on parim valik neile, kes soovivad oma interj\u00f6\u00f6re rikastada ainulaadsete ja kordumatute kivipindadega. Uuri l\u00e4hemalt!\" \/>\n<meta property=\"og:url\" content=\"https:\/\/kivikoda.ee\/en\/natural-stone\/\" \/>\n<meta property=\"og:site_name\" content=\"Kivikoda\" \/>\n<meta property=\"article:modified_time\" content=\"2025-09-26T06:37:57+00:00\" \/>\n<meta name=\"twitter:card\" content=\"summary_large_image\" \/>\n<meta name=\"twitter:label1\" content=\"Est. reading time\" \/>\n\t<meta name=\"twitter:data1\" content=\"1 minute\" \/>\n<script type=\"application\/ld+json\" class=\"yoast-schema-graph\">{\"@context\":\"https:\\\/\\\/schema.org\",\"@graph\":[{\"@type\":\"WebPage\",\"@id\":\"https:\\\/\\\/kivikoda.ee\\\/looduskivi\\\/\",\"url\":\"https:\\\/\\\/kivikoda.ee\\\/looduskivi\\\/\",\"name\":\"Looduskivi - Kivikoda\",\"isPartOf\":{\"@id\":\"https:\\\/\\\/kivikoda.ee\\\/#website\"},\"datePublished\":\"2017-04-19T02:14:28+00:00\",\"dateModified\":\"2025-09-26T06:37:57+00:00\",\"description\":\"Looduskivi on parim valik neile, kes soovivad oma interj\u00f6\u00f6re rikastada ainulaadsete ja kordumatute kivipindadega. Uuri l\u00e4hemalt!\",\"breadcrumb\":{\"@id\":\"https:\\\/\\\/kivikoda.ee\\\/looduskivi\\\/#breadcrumb\"},\"inLanguage\":\"en-US\",\"potentialAction\":[{\"@type\":\"ReadAction\",\"target\":[\"https:\\\/\\\/kivikoda.ee\\\/looduskivi\\\/\"]}]},{\"@type\":\"BreadcrumbList\",\"@id\":\"https:\\\/\\\/kivikoda.ee\\\/looduskivi\\\/#breadcrumb\",\"itemListElement\":[{\"@type\":\"ListItem\",\"position\":1,\"name\":\"Home\",\"item\":\"https:\\\/\\\/kivikoda.ee\\\/kivikoda-kivist-tootasapinnad\\\/\"},{\"@type\":\"ListItem\",\"position\":2,\"name\":\"Looduskivi\"}]},{\"@type\":\"WebSite\",\"@id\":\"https:\\\/\\\/kivikoda.ee\\\/#website\",\"url\":\"https:\\\/\\\/kivikoda.ee\\\/\",\"name\":\"Kivikoda\",\"description\":\"\",\"publisher\":{\"@id\":\"https:\\\/\\\/kivikoda.ee\\\/#organization\"},\"potentialAction\":[{\"@type\":\"SearchAction\",\"target\":{\"@type\":\"EntryPoint\",\"urlTemplate\":\"https:\\\/\\\/kivikoda.ee\\\/?s={search_term_string}\"},\"query-input\":{\"@type\":\"PropertyValueSpecification\",\"valueRequired\":true,\"valueName\":\"search_term_string\"}}],\"inLanguage\":\"en-US\"},{\"@type\":\"Organization\",\"@id\":\"https:\\\/\\\/kivikoda.ee\\\/#organization\",\"name\":\"Kivikoda\",\"url\":\"https:\\\/\\\/kivikoda.ee\\\/\",\"logo\":{\"@type\":\"ImageObject\",\"inLanguage\":\"en-US\",\"@id\":\"https:\\\/\\\/kivikoda.ee\\\/#\\\/schema\\\/logo\\\/image\\\/\",\"url\":\"https:\\\/\\\/kivikoda.ee\\\/wp-content\\\/uploads\\\/2025\\\/06\\\/kivikoda-logo-must.svg\",\"contentUrl\":\"https:\\\/\\\/kivikoda.ee\\\/wp-content\\\/uploads\\\/2025\\\/06\\\/kivikoda-logo-must.svg\",\"width\":1,\"height\":1,\"caption\":\"Kivikoda\"},\"image\":{\"@id\":\"https:\\\/\\\/kivikoda.ee\\\/#\\\/schema\\\/logo\\\/image\\\/\"}}]}<\/script>\n<!-- \/ Yoast SEO plugin. -->","yoast_head_json":{"title":"Natural stone - Stone shed","description":"Natural stone is the best choice for those who want to enrich their interiors with unique and unique stone surfaces. Find out more!","robots":{"index":"index","follow":"follow","max-snippet":"max-snippet:-1","max-image-preview":"max-image-preview:large","max-video-preview":"max-video-preview:-1"},"canonical":"https:\/\/kivikoda.ee\/en\/natural-stone\/","og_locale":"en_US","og_type":"article","og_title":"Looduskivi - Kivikoda","og_description":"Looduskivi on parim valik neile, kes soovivad oma interj\u00f6\u00f6re rikastada ainulaadsete ja kordumatute kivipindadega. Uuri l\u00e4hemalt!","og_url":"https:\/\/kivikoda.ee\/en\/natural-stone\/","og_site_name":"Kivikoda","article_modified_time":"2025-09-26T06:37:57+00:00","twitter_card":"summary_large_image","twitter_misc":{"Est. reading time":"1 minute"},"schema":{"@context":"https:\/\/schema.org","@graph":[{"@type":"WebPage","@id":"https:\/\/kivikoda.ee\/looduskivi\/","url":"https:\/\/kivikoda.ee\/looduskivi\/","name":"Natural stone - Stone shed","isPartOf":{"@id":"https:\/\/kivikoda.ee\/#website"},"datePublished":"2017-04-19T02:14:28+00:00","dateModified":"2025-09-26T06:37:57+00:00","description":"Natural stone is the best choice for those who want to enrich their interiors with unique and unique stone surfaces. Find out more!","breadcrumb":{"@id":"https:\/\/kivikoda.ee\/looduskivi\/#breadcrumb"},"inLanguage":"en-US","potentialAction":[{"@type":"ReadAction","target":["https:\/\/kivikoda.ee\/looduskivi\/"]}]},{"@type":"BreadcrumbList","@id":"https:\/\/kivikoda.ee\/looduskivi\/#breadcrumb","itemListElement":[{"@type":"ListItem","position":1,"name":"Home","item":"https:\/\/kivikoda.ee\/kivikoda-kivist-tootasapinnad\/"},{"@type":"ListItem","position":2,"name":"Looduskivi"}]},{"@type":"WebSite","@id":"https:\/\/kivikoda.ee\/#website","url":"https:\/\/kivikoda.ee\/","name":"Stone shed","description":"","publisher":{"@id":"https:\/\/kivikoda.ee\/#organization"},"potentialAction":[{"@type":"SearchAction","target":{"@type":"EntryPoint","urlTemplate":"https:\/\/kivikoda.ee\/?s={search_term_string}"},"query-input":{"@type":"PropertyValueSpecification","valueRequired":true,"valueName":"search_term_string"}}],"inLanguage":"en-US"},{"@type":"Organization","@id":"https:\/\/kivikoda.ee\/#organization","name":"Stone shed","url":"https:\/\/kivikoda.ee\/","logo":{"@type":"ImageObject","inLanguage":"en-US","@id":"https:\/\/kivikoda.ee\/#\/schema\/logo\/image\/","url":"https:\/\/kivikoda.ee\/wp-content\/uploads\/2025\/06\/kivikoda-logo-must.svg","contentUrl":"https:\/\/kivikoda.ee\/wp-content\/uploads\/2025\/06\/kivikoda-logo-must.svg","width":1,"height":1,"caption":"Kivikoda"},"image":{"@id":"https:\/\/kivikoda.ee\/#\/schema\/logo\/image\/"}}]}},"_links":{"self":[{"href":"https:\/\/kivikoda.ee\/en\/wp-json\/wp\/v2\/pages\/618","targetHints":{"allow":["GET"]}}],"collection":[{"href":"https:\/\/kivikoda.ee\/en\/wp-json\/wp\/v2\/pages"}],"about":[{"href":"https:\/\/kivikoda.ee\/en\/wp-json\/wp\/v2\/types\/page"}],"author":[{"embeddable":true,"href":"https:\/\/kivikoda.ee\/en\/wp-json\/wp\/v2\/users\/2"}],"replies":[{"embeddable":true,"href":"https:\/\/kivikoda.ee\/en\/wp-json\/wp\/v2\/comments?post=618"}],"version-history":[{"count":8,"href":"https:\/\/kivikoda.ee\/en\/wp-json\/wp\/v2\/pages\/618\/revisions"}],"predecessor-version":[{"id":2355,"href":"https:\/\/kivikoda.ee\/en\/wp-json\/wp\/v2\/pages\/618\/revisions\/2355"}],"wp:attachment":[{"href":"https:\/\/kivikoda.ee\/en\/wp-json\/wp\/v2\/media?parent=618"}],"curies":[{"name":"wp","href":"https:\/\/api.w.org\/{rel}","templated":true}]}}