{"id":2707,"date":"2026-05-06T13:13:10","date_gmt":"2026-05-06T13:13:10","guid":{"rendered":"https:\/\/kivikoda.ee\/?page_id=2707"},"modified":"2026-05-06T19:53:52","modified_gmt":"2026-05-06T19:53:52","slug":"eclos","status":"publish","type":"page","link":"https:\/\/kivikoda.ee\/ru\/eclos\/","title":{"rendered":"ECLOS"},"content":{"rendered":"<h1 class=\"wp-block-heading\">\u0112CLOS<\/h1>\n\n\n\n<p class=\"has-medium-font-size\"><strong>Uue p\u00f5lvkonna mineraalpinnad, mida iseloomustavad l\u00e4bivad mustrid ja erakordne vastupidavus kuumale. <\/strong><\/p>\n\n\n\n<p>T\u00e4nu <strong>INLAYR\u00ae<\/strong> tehnoloogiale kombineerib tootmine mineraalid, taaskasutatud materjalid ning madala kristallilise r\u00e4nidioksiidi sisaldusega koostise. Eclectic veins on meie esimene kollektsioon, mille koostises pole kristallilist r\u00e4nidioksiidi.<\/p>\n\n\n\n<p>\u0112CLOS on loodud taluma temperatuuri kuni <strong>220 \u00b0C<\/strong>. See t\u00e4hendab, et kuumad potid ja pannid saab asetada otse pliidilt v\u00f5i ahjust pinnale, kartmata j\u00e4lgede v\u00f5i kahjustuste tekkimist.<\/p>\n\n\n\n<p>Hetkel on saaval 7 erineva viimistlusega Eclose kivi: <strong>Legnd, Sandr, Ivora, Landr, Wondr, Phantome, Tajnar. <\/strong><\/p>\n\n\n\n<figure class=\"wp-block-gallery has-nested-images columns-4 is-cropped wp-block-gallery-1 is-layout-flex wp-block-gallery-is-layout-flex\">\n<figure class=\"wp-block-image size-large\"><a href=\"https:\/\/kivikoda.ee\/wp-content\/uploads\/2026\/05\/Legnd-Tabla-V2-ST-scaled.jpg\"><img loading=\"lazy\" decoding=\"async\" width=\"1030\" height=\"498\" data-id=\"2713\" src=\"https:\/\/kivikoda.ee\/wp-content\/uploads\/2026\/05\/Legnd-Tabla-V2-ST-1030x498.jpg\" alt=\"\" class=\"wp-image-2713\" srcset=\"https:\/\/kivikoda.ee\/wp-content\/uploads\/2026\/05\/Legnd-Tabla-V2-ST-1030x498.jpg 1030w, https:\/\/kivikoda.ee\/wp-content\/uploads\/2026\/05\/Legnd-Tabla-V2-ST-300x145.jpg 300w, https:\/\/kivikoda.ee\/wp-content\/uploads\/2026\/05\/Legnd-Tabla-V2-ST-768x371.jpg 768w, https:\/\/kivikoda.ee\/wp-content\/uploads\/2026\/05\/Legnd-Tabla-V2-ST-1536x742.jpg 1536w, https:\/\/kivikoda.ee\/wp-content\/uploads\/2026\/05\/Legnd-Tabla-V2-ST-2048x989.jpg 2048w, https:\/\/kivikoda.ee\/wp-content\/uploads\/2026\/05\/Legnd-Tabla-V2-ST-18x9.jpg 18w, https:\/\/kivikoda.ee\/wp-content\/uploads\/2026\/05\/Legnd-Tabla-V2-ST-1500x725.jpg 1500w, https:\/\/kivikoda.ee\/wp-content\/uploads\/2026\/05\/Legnd-Tabla-V2-ST-705x341.jpg 705w\" sizes=\"auto, (max-width: 1030px) 100vw, 1030px\" \/><\/a><figcaption class=\"wp-element-caption\">Legnd<\/figcaption><\/figure>\n\n\n\n<figure class=\"wp-block-image size-large\"><a href=\"https:\/\/kivikoda.ee\/wp-content\/uploads\/2026\/05\/Sandr-Tabla-v2-ST-scaled.jpg\"><img loading=\"lazy\" decoding=\"async\" width=\"1030\" height=\"498\" data-id=\"2708\" src=\"https:\/\/kivikoda.ee\/wp-content\/uploads\/2026\/05\/Sandr-Tabla-v2-ST-1030x498.jpg\" alt=\"\" class=\"wp-image-2708\" srcset=\"https:\/\/kivikoda.ee\/wp-content\/uploads\/2026\/05\/Sandr-Tabla-v2-ST-1030x498.jpg 1030w, https:\/\/kivikoda.ee\/wp-content\/uploads\/2026\/05\/Sandr-Tabla-v2-ST-300x145.jpg 300w, https:\/\/kivikoda.ee\/wp-content\/uploads\/2026\/05\/Sandr-Tabla-v2-ST-768x371.jpg 768w, https:\/\/kivikoda.ee\/wp-content\/uploads\/2026\/05\/Sandr-Tabla-v2-ST-1536x742.jpg 1536w, https:\/\/kivikoda.ee\/wp-content\/uploads\/2026\/05\/Sandr-Tabla-v2-ST-2048x989.jpg 2048w, https:\/\/kivikoda.ee\/wp-content\/uploads\/2026\/05\/Sandr-Tabla-v2-ST-18x9.jpg 18w, https:\/\/kivikoda.ee\/wp-content\/uploads\/2026\/05\/Sandr-Tabla-v2-ST-1500x725.jpg 1500w, https:\/\/kivikoda.ee\/wp-content\/uploads\/2026\/05\/Sandr-Tabla-v2-ST-705x341.jpg 705w\" sizes=\"auto, (max-width: 1030px) 100vw, 1030px\" \/><\/a><figcaption class=\"wp-element-caption\">Sandr<\/figcaption><\/figure>\n\n\n\n<figure class=\"wp-block-image size-large\"><a href=\"https:\/\/kivikoda.ee\/wp-content\/uploads\/2026\/05\/Ivora-Tabla-ST-scaled.jpg\"><img loading=\"lazy\" decoding=\"async\" width=\"1030\" height=\"498\" data-id=\"2712\" src=\"https:\/\/kivikoda.ee\/wp-content\/uploads\/2026\/05\/Ivora-Tabla-ST-1030x498.jpg\" alt=\"\" class=\"wp-image-2712\" srcset=\"https:\/\/kivikoda.ee\/wp-content\/uploads\/2026\/05\/Ivora-Tabla-ST-1030x498.jpg 1030w, https:\/\/kivikoda.ee\/wp-content\/uploads\/2026\/05\/Ivora-Tabla-ST-300x145.jpg 300w, https:\/\/kivikoda.ee\/wp-content\/uploads\/2026\/05\/Ivora-Tabla-ST-768x371.jpg 768w, https:\/\/kivikoda.ee\/wp-content\/uploads\/2026\/05\/Ivora-Tabla-ST-1536x742.jpg 1536w, https:\/\/kivikoda.ee\/wp-content\/uploads\/2026\/05\/Ivora-Tabla-ST-2048x989.jpg 2048w, https:\/\/kivikoda.ee\/wp-content\/uploads\/2026\/05\/Ivora-Tabla-ST-18x9.jpg 18w, https:\/\/kivikoda.ee\/wp-content\/uploads\/2026\/05\/Ivora-Tabla-ST-1500x725.jpg 1500w, https:\/\/kivikoda.ee\/wp-content\/uploads\/2026\/05\/Ivora-Tabla-ST-705x341.jpg 705w\" sizes=\"auto, (max-width: 1030px) 100vw, 1030px\" \/><\/a><figcaption class=\"wp-element-caption\">Ivora<\/figcaption><\/figure>\n\n\n\n<figure class=\"wp-block-image size-large\"><a href=\"https:\/\/kivikoda.ee\/wp-content\/uploads\/2026\/05\/Landr-Tabla-ST-v2-scaled.jpg\"><img loading=\"lazy\" decoding=\"async\" width=\"1030\" height=\"498\" data-id=\"2710\" src=\"https:\/\/kivikoda.ee\/wp-content\/uploads\/2026\/05\/Landr-Tabla-ST-v2-1030x498.jpg\" alt=\"\" class=\"wp-image-2710\" srcset=\"https:\/\/kivikoda.ee\/wp-content\/uploads\/2026\/05\/Landr-Tabla-ST-v2-1030x498.jpg 1030w, https:\/\/kivikoda.ee\/wp-content\/uploads\/2026\/05\/Landr-Tabla-ST-v2-300x145.jpg 300w, https:\/\/kivikoda.ee\/wp-content\/uploads\/2026\/05\/Landr-Tabla-ST-v2-768x371.jpg 768w, https:\/\/kivikoda.ee\/wp-content\/uploads\/2026\/05\/Landr-Tabla-ST-v2-1536x742.jpg 1536w, https:\/\/kivikoda.ee\/wp-content\/uploads\/2026\/05\/Landr-Tabla-ST-v2-2048x989.jpg 2048w, https:\/\/kivikoda.ee\/wp-content\/uploads\/2026\/05\/Landr-Tabla-ST-v2-18x9.jpg 18w, https:\/\/kivikoda.ee\/wp-content\/uploads\/2026\/05\/Landr-Tabla-ST-v2-1500x725.jpg 1500w, https:\/\/kivikoda.ee\/wp-content\/uploads\/2026\/05\/Landr-Tabla-ST-v2-705x341.jpg 705w\" sizes=\"auto, (max-width: 1030px) 100vw, 1030px\" \/><\/a><figcaption class=\"wp-element-caption\">Landr<\/figcaption><\/figure>\n\n\n\n<figure class=\"wp-block-image size-large\"><a href=\"https:\/\/kivikoda.ee\/wp-content\/uploads\/2026\/05\/Wondr-Tabla-ST-V4-scaled.jpg\"><img loading=\"lazy\" decoding=\"async\" width=\"1030\" height=\"498\" data-id=\"2711\" src=\"https:\/\/kivikoda.ee\/wp-content\/uploads\/2026\/05\/Wondr-Tabla-ST-V4-1030x498.jpg\" alt=\"\" class=\"wp-image-2711\" srcset=\"https:\/\/kivikoda.ee\/wp-content\/uploads\/2026\/05\/Wondr-Tabla-ST-V4-1030x498.jpg 1030w, https:\/\/kivikoda.ee\/wp-content\/uploads\/2026\/05\/Wondr-Tabla-ST-V4-300x145.jpg 300w, https:\/\/kivikoda.ee\/wp-content\/uploads\/2026\/05\/Wondr-Tabla-ST-V4-768x371.jpg 768w, https:\/\/kivikoda.ee\/wp-content\/uploads\/2026\/05\/Wondr-Tabla-ST-V4-1536x742.jpg 1536w, https:\/\/kivikoda.ee\/wp-content\/uploads\/2026\/05\/Wondr-Tabla-ST-V4-2048x989.jpg 2048w, https:\/\/kivikoda.ee\/wp-content\/uploads\/2026\/05\/Wondr-Tabla-ST-V4-18x9.jpg 18w, https:\/\/kivikoda.ee\/wp-content\/uploads\/2026\/05\/Wondr-Tabla-ST-V4-1500x725.jpg 1500w, https:\/\/kivikoda.ee\/wp-content\/uploads\/2026\/05\/Wondr-Tabla-ST-V4-705x341.jpg 705w\" sizes=\"auto, (max-width: 1030px) 100vw, 1030px\" \/><\/a><figcaption class=\"wp-element-caption\">Wondr<\/figcaption><\/figure>\n\n\n\n<figure class=\"wp-block-image size-large\"><a href=\"https:\/\/kivikoda.ee\/wp-content\/uploads\/2026\/05\/Phantome-Tabla-ST-scaled.jpg\"><img loading=\"lazy\" decoding=\"async\" width=\"1030\" height=\"498\" data-id=\"2709\" src=\"https:\/\/kivikoda.ee\/wp-content\/uploads\/2026\/05\/Phantome-Tabla-ST-1030x498.jpg\" alt=\"\" class=\"wp-image-2709\" srcset=\"https:\/\/kivikoda.ee\/wp-content\/uploads\/2026\/05\/Phantome-Tabla-ST-1030x498.jpg 1030w, https:\/\/kivikoda.ee\/wp-content\/uploads\/2026\/05\/Phantome-Tabla-ST-300x145.jpg 300w, https:\/\/kivikoda.ee\/wp-content\/uploads\/2026\/05\/Phantome-Tabla-ST-768x371.jpg 768w, https:\/\/kivikoda.ee\/wp-content\/uploads\/2026\/05\/Phantome-Tabla-ST-1536x742.jpg 1536w, https:\/\/kivikoda.ee\/wp-content\/uploads\/2026\/05\/Phantome-Tabla-ST-2048x989.jpg 2048w, https:\/\/kivikoda.ee\/wp-content\/uploads\/2026\/05\/Phantome-Tabla-ST-18x9.jpg 18w, https:\/\/kivikoda.ee\/wp-content\/uploads\/2026\/05\/Phantome-Tabla-ST-1500x725.jpg 1500w, https:\/\/kivikoda.ee\/wp-content\/uploads\/2026\/05\/Phantome-Tabla-ST-705x341.jpg 705w\" sizes=\"auto, (max-width: 1030px) 100vw, 1030px\" \/><\/a><figcaption class=\"wp-element-caption\">Phantome<\/figcaption><\/figure>\n\n\n\n<figure class=\"wp-block-image size-large\"><a href=\"https:\/\/kivikoda.ee\/wp-content\/uploads\/2026\/05\/Tajnar-Tabla-ST-scaled.jpg\"><img loading=\"lazy\" decoding=\"async\" width=\"1030\" height=\"498\" data-id=\"2714\" src=\"https:\/\/kivikoda.ee\/wp-content\/uploads\/2026\/05\/Tajnar-Tabla-ST-1030x498.jpg\" alt=\"\" class=\"wp-image-2714\" srcset=\"https:\/\/kivikoda.ee\/wp-content\/uploads\/2026\/05\/Tajnar-Tabla-ST-1030x498.jpg 1030w, https:\/\/kivikoda.ee\/wp-content\/uploads\/2026\/05\/Tajnar-Tabla-ST-300x145.jpg 300w, https:\/\/kivikoda.ee\/wp-content\/uploads\/2026\/05\/Tajnar-Tabla-ST-768x371.jpg 768w, https:\/\/kivikoda.ee\/wp-content\/uploads\/2026\/05\/Tajnar-Tabla-ST-1536x742.jpg 1536w, https:\/\/kivikoda.ee\/wp-content\/uploads\/2026\/05\/Tajnar-Tabla-ST-2048x989.jpg 2048w, https:\/\/kivikoda.ee\/wp-content\/uploads\/2026\/05\/Tajnar-Tabla-ST-18x9.jpg 18w, https:\/\/kivikoda.ee\/wp-content\/uploads\/2026\/05\/Tajnar-Tabla-ST-1500x725.jpg 1500w, https:\/\/kivikoda.ee\/wp-content\/uploads\/2026\/05\/Tajnar-Tabla-ST-705x341.jpg 705w\" sizes=\"auto, (max-width: 1030px) 100vw, 1030px\" \/><\/a><figcaption class=\"wp-element-caption\">Tajnar<\/figcaption><\/figure>\n<\/figure>\n\n\n\n<p><\/p>","protected":false},"excerpt":{"rendered":"<p>\u0112CLOS Uue p\u00f5lvkonna mineraalpinnad, mida iseloomustavad l\u00e4bivad mustrid ja erakordne vastupidavus kuumale. T\u00e4nu INLAYR\u00ae tehnoloogiale kombineerib tootmine mineraalid, taaskasutatud materjalid ning madala kristallilise r\u00e4nidioksiidi sisaldusega koostise. Eclectic veins on meie esimene kollektsioon, mille koostises pole kristallilist r\u00e4nidioksiidi. \u0112CLOS on loodud taluma temperatuuri kuni 220 \u00b0C. See t\u00e4hendab, et kuumad potid ja pannid saab asetada otse [&hellip;]<\/p>\n","protected":false},"author":2,"featured_media":0,"parent":0,"menu_order":0,"comment_status":"closed","ping_status":"closed","template":"","meta":{"footnotes":""},"class_list":["post-2707","page","type-page","status-publish","hentry"],"yoast_head":"<!-- This site is optimized with the Yoast SEO plugin v27.5 - https:\/\/yoast.com\/product\/yoast-seo-wordpress\/ -->\n<title>ECLOS - Kivikoda<\/title>\n<meta name=\"robots\" content=\"index, follow, max-snippet:-1, max-image-preview:large, max-video-preview:-1\" \/>\n<link rel=\"canonical\" href=\"https:\/\/kivikoda.ee\/ru\/eclos\/\" \/>\n<meta property=\"og:locale\" content=\"ru_RU\" \/>\n<meta property=\"og:type\" content=\"article\" \/>\n<meta property=\"og:title\" content=\"ECLOS - Kivikoda\" \/>\n<meta property=\"og:description\" content=\"\u0112CLOS Uue p\u00f5lvkonna mineraalpinnad, mida iseloomustavad l\u00e4bivad mustrid ja erakordne vastupidavus kuumale. T\u00e4nu INLAYR\u00ae tehnoloogiale kombineerib tootmine mineraalid, taaskasutatud materjalid ning madala kristallilise r\u00e4nidioksiidi sisaldusega koostise. Eclectic veins on meie esimene kollektsioon, mille koostises pole kristallilist r\u00e4nidioksiidi. \u0112CLOS on loodud taluma temperatuuri kuni 220 \u00b0C. See t\u00e4hendab, et kuumad potid ja pannid saab asetada otse [&hellip;]\" \/>\n<meta property=\"og:url\" content=\"https:\/\/kivikoda.ee\/ru\/eclos\/\" \/>\n<meta property=\"og:site_name\" content=\"Kivikoda\" \/>\n<meta property=\"article:modified_time\" content=\"2026-05-06T19:53:52+00:00\" \/>\n<meta property=\"og:image\" content=\"https:\/\/kivikoda.ee\/wp-content\/uploads\/2026\/05\/Legnd-Tabla-V2-ST-1030x498.jpg\" \/>\n\t<meta property=\"og:image:width\" content=\"1030\" \/>\n\t<meta property=\"og:image:height\" content=\"498\" \/>\n\t<meta property=\"og:image:type\" content=\"image\/jpeg\" \/>\n<meta name=\"twitter:card\" content=\"summary_large_image\" \/>\n<meta name=\"twitter:label1\" content=\"\u041f\u0440\u0438\u043c\u0435\u0440\u043d\u043e\u0435 \u0432\u0440\u0435\u043c\u044f \u0434\u043b\u044f \u0447\u0442\u0435\u043d\u0438\u044f\" \/>\n\t<meta name=\"twitter:data1\" content=\"2 \u043c\u0438\u043d\u0443\u0442\u044b\" \/>\n<script type=\"application\/ld+json\" class=\"yoast-schema-graph\">{\"@context\":\"https:\\\/\\\/schema.org\",\"@graph\":[{\"@type\":\"WebPage\",\"@id\":\"https:\\\/\\\/kivikoda.ee\\\/eclos\\\/\",\"url\":\"https:\\\/\\\/kivikoda.ee\\\/eclos\\\/\",\"name\":\"ECLOS - Kivikoda\",\"isPartOf\":{\"@id\":\"https:\\\/\\\/kivikoda.ee\\\/#website\"},\"primaryImageOfPage\":{\"@id\":\"https:\\\/\\\/kivikoda.ee\\\/eclos\\\/#primaryimage\"},\"image\":{\"@id\":\"https:\\\/\\\/kivikoda.ee\\\/eclos\\\/#primaryimage\"},\"thumbnailUrl\":\"https:\\\/\\\/kivikoda.ee\\\/wp-content\\\/uploads\\\/2026\\\/05\\\/Legnd-Tabla-V2-ST-1030x498.jpg\",\"datePublished\":\"2026-05-06T13:13:10+00:00\",\"dateModified\":\"2026-05-06T19:53:52+00:00\",\"breadcrumb\":{\"@id\":\"https:\\\/\\\/kivikoda.ee\\\/eclos\\\/#breadcrumb\"},\"inLanguage\":\"ru-RU\",\"potentialAction\":[{\"@type\":\"ReadAction\",\"target\":[\"https:\\\/\\\/kivikoda.ee\\\/eclos\\\/\"]}]},{\"@type\":\"ImageObject\",\"inLanguage\":\"ru-RU\",\"@id\":\"https:\\\/\\\/kivikoda.ee\\\/eclos\\\/#primaryimage\",\"url\":\"https:\\\/\\\/kivikoda.ee\\\/wp-content\\\/uploads\\\/2026\\\/05\\\/Legnd-Tabla-V2-ST-1030x498.jpg\",\"contentUrl\":\"https:\\\/\\\/kivikoda.ee\\\/wp-content\\\/uploads\\\/2026\\\/05\\\/Legnd-Tabla-V2-ST-1030x498.jpg\"},{\"@type\":\"BreadcrumbList\",\"@id\":\"https:\\\/\\\/kivikoda.ee\\\/eclos\\\/#breadcrumb\",\"itemListElement\":[{\"@type\":\"ListItem\",\"position\":1,\"name\":\"Home\",\"item\":\"https:\\\/\\\/kivikoda.ee\\\/kivikoda-kivist-tootasapinnad\\\/\"},{\"@type\":\"ListItem\",\"position\":2,\"name\":\"ECLOS\"}]},{\"@type\":\"WebSite\",\"@id\":\"https:\\\/\\\/kivikoda.ee\\\/#website\",\"url\":\"https:\\\/\\\/kivikoda.ee\\\/\",\"name\":\"Kivikoda\",\"description\":\"\",\"publisher\":{\"@id\":\"https:\\\/\\\/kivikoda.ee\\\/#organization\"},\"potentialAction\":[{\"@type\":\"SearchAction\",\"target\":{\"@type\":\"EntryPoint\",\"urlTemplate\":\"https:\\\/\\\/kivikoda.ee\\\/?s={search_term_string}\"},\"query-input\":{\"@type\":\"PropertyValueSpecification\",\"valueRequired\":true,\"valueName\":\"search_term_string\"}}],\"inLanguage\":\"ru-RU\"},{\"@type\":\"Organization\",\"@id\":\"https:\\\/\\\/kivikoda.ee\\\/#organization\",\"name\":\"Kivikoda\",\"url\":\"https:\\\/\\\/kivikoda.ee\\\/\",\"logo\":{\"@type\":\"ImageObject\",\"inLanguage\":\"ru-RU\",\"@id\":\"https:\\\/\\\/kivikoda.ee\\\/#\\\/schema\\\/logo\\\/image\\\/\",\"url\":\"https:\\\/\\\/kivikoda.ee\\\/wp-content\\\/uploads\\\/2025\\\/06\\\/kivikoda-logo-must.svg\",\"contentUrl\":\"https:\\\/\\\/kivikoda.ee\\\/wp-content\\\/uploads\\\/2025\\\/06\\\/kivikoda-logo-must.svg\",\"width\":1,\"height\":1,\"caption\":\"Kivikoda\"},\"image\":{\"@id\":\"https:\\\/\\\/kivikoda.ee\\\/#\\\/schema\\\/logo\\\/image\\\/\"}}]}<\/script>\n<!-- \/ Yoast SEO plugin. -->","yoast_head_json":{"title":"ECLOS - Kivikoda","robots":{"index":"index","follow":"follow","max-snippet":"max-snippet:-1","max-image-preview":"max-image-preview:large","max-video-preview":"max-video-preview:-1"},"canonical":"https:\/\/kivikoda.ee\/ru\/eclos\/","og_locale":"ru_RU","og_type":"article","og_title":"ECLOS - Kivikoda","og_description":"\u0112CLOS Uue p\u00f5lvkonna mineraalpinnad, mida iseloomustavad l\u00e4bivad mustrid ja erakordne vastupidavus kuumale. T\u00e4nu INLAYR\u00ae tehnoloogiale kombineerib tootmine mineraalid, taaskasutatud materjalid ning madala kristallilise r\u00e4nidioksiidi sisaldusega koostise. Eclectic veins on meie esimene kollektsioon, mille koostises pole kristallilist r\u00e4nidioksiidi. \u0112CLOS on loodud taluma temperatuuri kuni 220 \u00b0C. See t\u00e4hendab, et kuumad potid ja pannid saab asetada otse [&hellip;]","og_url":"https:\/\/kivikoda.ee\/ru\/eclos\/","og_site_name":"Kivikoda","article_modified_time":"2026-05-06T19:53:52+00:00","og_image":[{"width":1030,"height":498,"url":"https:\/\/kivikoda.ee\/wp-content\/uploads\/2026\/05\/Legnd-Tabla-V2-ST-1030x498.jpg","type":"image\/jpeg"}],"twitter_card":"summary_large_image","twitter_misc":{"\u041f\u0440\u0438\u043c\u0435\u0440\u043d\u043e\u0435 \u0432\u0440\u0435\u043c\u044f \u0434\u043b\u044f \u0447\u0442\u0435\u043d\u0438\u044f":"2 \u043c\u0438\u043d\u0443\u0442\u044b"},"schema":{"@context":"https:\/\/schema.org","@graph":[{"@type":"WebPage","@id":"https:\/\/kivikoda.ee\/eclos\/","url":"https:\/\/kivikoda.ee\/eclos\/","name":"ECLOS - Kivikoda","isPartOf":{"@id":"https:\/\/kivikoda.ee\/#website"},"primaryImageOfPage":{"@id":"https:\/\/kivikoda.ee\/eclos\/#primaryimage"},"image":{"@id":"https:\/\/kivikoda.ee\/eclos\/#primaryimage"},"thumbnailUrl":"https:\/\/kivikoda.ee\/wp-content\/uploads\/2026\/05\/Legnd-Tabla-V2-ST-1030x498.jpg","datePublished":"2026-05-06T13:13:10+00:00","dateModified":"2026-05-06T19:53:52+00:00","breadcrumb":{"@id":"https:\/\/kivikoda.ee\/eclos\/#breadcrumb"},"inLanguage":"ru-RU","potentialAction":[{"@type":"ReadAction","target":["https:\/\/kivikoda.ee\/eclos\/"]}]},{"@type":"ImageObject","inLanguage":"ru-RU","@id":"https:\/\/kivikoda.ee\/eclos\/#primaryimage","url":"https:\/\/kivikoda.ee\/wp-content\/uploads\/2026\/05\/Legnd-Tabla-V2-ST-1030x498.jpg","contentUrl":"https:\/\/kivikoda.ee\/wp-content\/uploads\/2026\/05\/Legnd-Tabla-V2-ST-1030x498.jpg"},{"@type":"BreadcrumbList","@id":"https:\/\/kivikoda.ee\/eclos\/#breadcrumb","itemListElement":[{"@type":"ListItem","position":1,"name":"Home","item":"https:\/\/kivikoda.ee\/kivikoda-kivist-tootasapinnad\/"},{"@type":"ListItem","position":2,"name":"ECLOS"}]},{"@type":"WebSite","@id":"https:\/\/kivikoda.ee\/#website","url":"https:\/\/kivikoda.ee\/","name":"\u041a\u0430\u043c\u0435\u043d\u043d\u044b\u0439 \u0441\u0430\u0440\u0430\u0439","description":"","publisher":{"@id":"https:\/\/kivikoda.ee\/#organization"},"potentialAction":[{"@type":"SearchAction","target":{"@type":"EntryPoint","urlTemplate":"https:\/\/kivikoda.ee\/?s={search_term_string}"},"query-input":{"@type":"PropertyValueSpecification","valueRequired":true,"valueName":"search_term_string"}}],"inLanguage":"ru-RU"},{"@type":"Organization","@id":"https:\/\/kivikoda.ee\/#organization","name":"\u041a\u0430\u043c\u0435\u043d\u043d\u044b\u0439 \u0441\u0430\u0440\u0430\u0439","url":"https:\/\/kivikoda.ee\/","logo":{"@type":"ImageObject","inLanguage":"ru-RU","@id":"https:\/\/kivikoda.ee\/#\/schema\/logo\/image\/","url":"https:\/\/kivikoda.ee\/wp-content\/uploads\/2025\/06\/kivikoda-logo-must.svg","contentUrl":"https:\/\/kivikoda.ee\/wp-content\/uploads\/2025\/06\/kivikoda-logo-must.svg","width":1,"height":1,"caption":"Kivikoda"},"image":{"@id":"https:\/\/kivikoda.ee\/#\/schema\/logo\/image\/"}}]}},"_links":{"self":[{"href":"https:\/\/kivikoda.ee\/ru\/wp-json\/wp\/v2\/pages\/2707","targetHints":{"allow":["GET"]}}],"collection":[{"href":"https:\/\/kivikoda.ee\/ru\/wp-json\/wp\/v2\/pages"}],"about":[{"href":"https:\/\/kivikoda.ee\/ru\/wp-json\/wp\/v2\/types\/page"}],"author":[{"embeddable":true,"href":"https:\/\/kivikoda.ee\/ru\/wp-json\/wp\/v2\/users\/2"}],"replies":[{"embeddable":true,"href":"https:\/\/kivikoda.ee\/ru\/wp-json\/wp\/v2\/comments?post=2707"}],"version-history":[{"count":9,"href":"https:\/\/kivikoda.ee\/ru\/wp-json\/wp\/v2\/pages\/2707\/revisions"}],"predecessor-version":[{"id":2728,"href":"https:\/\/kivikoda.ee\/ru\/wp-json\/wp\/v2\/pages\/2707\/revisions\/2728"}],"wp:attachment":[{"href":"https:\/\/kivikoda.ee\/ru\/wp-json\/wp\/v2\/media?parent=2707"}],"curies":[{"name":"wp","href":"https:\/\/api.w.org\/{rel}","templated":true}]}}