{"id":615,"date":"2017-04-19T05:13:50","date_gmt":"2017-04-19T02:13:50","guid":{"rendered":"https:\/\/kivikoda.ee\/?page_id=615"},"modified":"2025-09-26T06:37:57","modified_gmt":"2025-09-26T06:37:57","slug":"pressovannyj-to-est-iskusstvennyj-kamen","status":"publish","type":"page","link":"https:\/\/kivikoda.ee\/ru\/pressovannyj-to-est-iskusstvennyj-kamen\/","title":{"rendered":"\u041a\u0432\u0430\u0440\u0446"},"content":{"rendered":"<div id='av_section_1'  class='avia-section av-q6saf-a6224c1f21a3f15635c56fd1fe9c61a5 main_color avia-section-huge avia-no-shadow  avia-builder-el-0  el_before_av_masonry_gallery  avia-builder-el-first  avia-bg-style-scroll container_wrap fullsize'  ><div class='container av-section-cont-open' ><main  role=\"main\" itemprop=\"mainContentOfPage\"  class='template-page content  av-content-full alpha units'><div class='post-entry post-entry-type-page post-entry-615'><div class='entry-content-wrapper clearfix'>\n\n<style type=\"text\/css\" data-created_by=\"avia_inline_auto\" id=\"style-css-av-lc60v-e11fc29e38859ab34da8933ee6a17717\">\n#top .flex_column.av-lc60v-e11fc29e38859ab34da8933ee6a17717{\nmargin-top:0px;\nmargin-bottom:0px;\n}\n.flex_column.av-lc60v-e11fc29e38859ab34da8933ee6a17717{\nborder-radius:0px 0px 0px 0px;\npadding:0px 0px 0px 0px;\n}\n.responsive #top #wrap_all .flex_column.av-lc60v-e11fc29e38859ab34da8933ee6a17717{\nmargin-top:0px;\nmargin-bottom:0px;\n}\n<\/style>\n<div  class='flex_column av-lc60v-e11fc29e38859ab34da8933ee6a17717 av_one_full  avia-builder-el-1  el_before_av_one_half  avia-builder-el-first  first flex_column_div av-animated-generic fade-in av-zero-column-padding'     ><style type=\"text\/css\" data-created_by=\"avia_inline_auto\" id=\"style-css-av-macekaju-1624cd9a3f91f9f2b11643a29496d9a0\">\n#top .av-special-heading.av-macekaju-1624cd9a3f91f9f2b11643a29496d9a0{\nmargin:40px 0 170px 0;\npadding-bottom:0;\nfont-size:5vw;\n}\nbody .av-special-heading.av-macekaju-1624cd9a3f91f9f2b11643a29496d9a0 .av-special-heading-tag .heading-char{\nfont-size:25px;\n}\n#top #wrap_all .av-special-heading.av-macekaju-1624cd9a3f91f9f2b11643a29496d9a0 .av-special-heading-tag{\nfont-size:5vw;\n}\n.av-special-heading.av-macekaju-1624cd9a3f91f9f2b11643a29496d9a0 .av-subheading{\nfont-size:30px;\n}\n\n@media only screen and (min-width: 480px) and (max-width: 767px){ \n#top #wrap_all .av-special-heading.av-macekaju-1624cd9a3f91f9f2b11643a29496d9a0 .av-special-heading-tag{\nfont-size:0.8em;\n}\n}\n\n@media only screen and (max-width: 479px){ \n#top #wrap_all .av-special-heading.av-macekaju-1624cd9a3f91f9f2b11643a29496d9a0 .av-special-heading-tag{\nfont-size:0.8em;\n}\n}\n<\/style>\n<div  class='av-special-heading av-macekaju-1624cd9a3f91f9f2b11643a29496d9a0 av-special-heading-h1 blockquote modern-quote  avia-builder-el-2  avia-builder-el-no-sibling  av-inherit-size'><h1 class='av-special-heading-tag'  itemprop=\"headline\"  >\u041f\u0440\u0435\u0441\u0441\u043e\u0432\u0430\u043d\u043d\u044b\u0439, \u0442\u043e \u0435\u0441\u0442\u044c \u0438\u0441\u043a\u0443\u0441\u0441\u0442\u0432\u0435\u043d\u043d\u044b\u0439 \u043a\u0430\u043c\u0435\u043d\u044c<\/h1><div class='av-subheading av-subheading_below'><p>\u043d\u0430\u0438\u043b\u0443\u0447\u0448\u0438\u0439 \u0432\u044b\u0431\u043e\u0440 \u0434\u043b\u044f \u0438\u043d\u0442\u0435\u0440\u044c\u0435\u0440\u043e\u0432 \u0441 \u0438\u043d\u0442\u0435\u043d\u0441\u0438\u0432\u043d\u044b\u043c \u0438\u0441\u043f\u043e\u043b\u044c\u0437\u043e\u0432\u0430\u043d\u0438\u0435\u043c \u0438 \u0432\u044b\u0441\u043e\u043a\u0438\u043c\u0438 \u0433\u0438\u0433\u0438\u0435\u043d\u0438\u0447\u0435\u0441\u043a\u0438\u043c\u0438 \u0442\u0440\u0435\u0431\u043e\u0432\u0430\u043d\u0438\u044f\u043c\u0438<\/p>\n<\/div><div class=\"special-heading-border\"><div class=\"special-heading-inner-border\"><\/div><\/div><\/div><\/div>\n<style type=\"text\/css\" data-created_by=\"avia_inline_auto\" id=\"style-css-av-hn5fz-a84ef4cdfede470fa133cd3cfa6ad3f2\">\n.flex_column.av-hn5fz-a84ef4cdfede470fa133cd3cfa6ad3f2{\nborder-radius:0px 0px 0px 0px;\npadding:0px 0px 0px 0px;\n}\n<\/style>\n<div  class='flex_column av-hn5fz-a84ef4cdfede470fa133cd3cfa6ad3f2 av_one_half  avia-builder-el-3  el_after_av_one_full  el_before_av_one_half  first flex_column_div av-animated-generic bottom-to-top av-zero-column-padding  column-top-margin'     ><section  class='av_textblock_section av-macekxxp-6a0479b6c496d036f6da122703aa9131'   itemscope=\"itemscope\" itemtype=\"https:\/\/schema.org\/CreativeWork\" ><div class='avia_textblock'  itemprop=\"text\" ><p style=\"text-align: justify;\">\u041e\u0441\u043e\u0431\u0435\u043d\u043d\u043e \u0445\u043e\u0440\u043e\u0448\u043e \u043f\u0440\u0435\u0441\u0441\u043e\u0432\u0430\u043d\u043d\u044b\u0439 \u043a\u0430\u043c\u0435\u043d\u044c \u043f\u043e\u0434\u0445\u043e\u0434\u0438\u0442 \u0434\u043b\u044f \u043a\u0443\u0445\u043d\u0438 (\u0440\u0430\u0431\u043e\u0447\u0438\u0435 \u043f\u043e\u0432\u0435\u0440\u0445\u043d\u043e\u0441\u0442\u0438, \u0440\u0430\u043a\u043e\u0432\u0438\u043d\u044b) \u0438 \u0432\u0430\u043d\u043d\u043e\u0439 \u043a\u043e\u043c\u043d\u0430\u0442\u044b (\u043d\u0430\u0441\u0442\u0435\u043d\u043d\u044b\u0435 \u0438 \u043d\u0430\u043f\u043e\u043b\u044c\u043d\u044b\u0435 \u043f\u043e\u043a\u0440\u044b\u0442\u0438\u044f, \u0440\u0430\u0431\u043e\u0447\u0438\u0435 \u043f\u043e\u0432\u0435\u0440\u0445\u043d\u043e\u0441\u0442\u0438 \u0438 \u0440\u0430\u043a\u043e\u0432\u0438\u043d\u044b), \u0430 \u0442\u0430\u043a\u0436\u0435 \u0434\u0440\u0443\u0433\u0438\u0445 \u043f\u043e\u043c\u0435\u0449\u0435\u043d\u0438\u0439, \u0433\u0434\u0435 \u0442\u0440\u0435\u0431\u0443\u0435\u0442\u0441\u044f \u043f\u0440\u0430\u043a\u0442\u0438\u0447\u043d\u043e\u0435, \u043a\u0440\u0435\u043f\u043a\u043e\u0435, \u043d\u0435\u0437\u0430\u0433\u0440\u044f\u0437\u043d\u044f\u0435\u043c\u043e\u0435, \u043d\u043e \u0432 \u0442\u043e \u0436\u0435 \u0432\u0440\u0435\u043c\u044f \u044d\u0441\u0442\u0435\u0442\u0438\u0447\u0435\u0441\u043a\u043e\u0435, \u0440\u0435\u0448\u0435\u043d\u0438\u0435.<\/p>\n<blockquote>\n<p class=\"translation-block\">\u041f\u0440\u0435\u0441\u0441\u043e\u0432\u0430\u043d\u043d\u044b\u0439 \u043a\u0430\u043c\u0435\u043d\u044c \u044f\u0432\u043b\u044f\u0435\u0442\u0441\u044f \u043c\u0430\u0442\u0435\u0440\u0438\u0430\u043b\u043e\u043c \u0432\u044b\u0441\u043e\u043a\u043e\u0433\u043e \u043a\u0430\u0447\u0435\u0441\u0442\u0432\u0430, \u043a\u043e\u0442\u043e\u0440\u044b\u0439 \u0434\u043e\u043b\u0433\u043e \u043e\u0441\u0442\u0430\u0435\u0442\u0441\u044f \u043a\u0440\u0430\u0441\u0438\u0432\u044b\u043c \u0438 \u0437\u0430 \u043a\u043e\u0442\u043e\u0440\u044b\u043c \u043b\u0435\u0433\u043a\u043e \u0443\u0445\u0430\u0436\u0438\u0432\u0430\u0442\u044c.<\/p>\n<\/blockquote>\n<p style=\"text-align: justify;\" class=\"translation-block\">\u041e\u0434\u043d\u0438\u043c \u0438\u0437 \u043f\u0440\u0435\u0438\u043c\u0443\u0449\u0435\u0441\u0442\u0432 \u043f\u0440\u0435\u0441\u0441\u043e\u0432\u0430\u043d\u043d\u043e\u0433\u043e \u043a\u0430\u043c\u043d\u044f \u043f\u0435\u0440\u0435\u0434 \u043d\u0430\u0442\u0443\u0440\u0430\u043b\u044c\u043d\u044b\u043c \u044f\u0432\u043b\u044f\u0435\u0442\u0441\u044f \u0432\u043e\u0437\u043c\u043e\u0436\u043d\u043e\u0441\u0442\u044c \u0438\u0441\u043f\u043e\u043b\u044c\u0437\u043e\u0432\u0430\u043d\u0438\u044f \u0441\u0432\u0435\u0442\u043b\u044b\u0445 \u0442\u043e\u043d\u043e\u0432 \u0432 \u0441\u043b\u0443\u0447\u0430\u0435 \u043a\u0443\u0445\u043e\u043d\u043d\u044b\u0445 \u0440\u0430\u0431\u043e\u0447\u0438\u0445 \u043f\u043e\u0432\u0435\u0440\u0445\u043d\u043e\u0441\u0442\u0435\u0439. \u041f\u043b\u0438\u0442\u044b \u043f\u043e\u0434\u0445\u043e\u0434\u044f\u0449\u0435\u0433\u043e \u043f\u043e\u0434 \u043a\u043e\u043d\u0446\u0435\u043f\u0446\u0438\u044e \u0432\u043d\u0443\u0442\u0440\u0435\u043d\u043d\u0435\u0439 \u043e\u0442\u0434\u0435\u043b\u043a\u0438 \u0446\u0432\u0435\u0442\u0430 \u043c\u043e\u0436\u043d\u043e \u0432\u044b\u0431\u0440\u0430\u0442\u044c \u0438 \u043f\u0440\u0438 \u043f\u043e\u043c\u043e\u0449\u0438 \u043d\u0435\u0431\u043e\u043b\u044c\u0448\u043e\u0433\u043e \u043f\u0440\u043e\u0431\u043d\u043e\u0433\u043e \u043a\u0443\u0441\u043a\u0430, \u0442\u0430\u043a \u043a\u0430\u043a \u0446\u0432\u0435\u0442\u043e\u0432\u044b\u0435 \u043e\u0442\u0442\u0435\u043d\u043a\u0438 \u043f\u0440\u0435\u0441\u0441\u043e\u0432\u0430\u043d\u043d\u043e\u0433\u043e \u043a\u0430\u043c\u043d\u044f \u043e\u0447\u0435\u043d\u044c \u0442\u043e\u0447\u043d\u043e \u043e\u0442\u0440\u0435\u0433\u0443\u043b\u0438\u0440\u043e\u0432\u0430\u043d\u044b.<\/p>\n<\/div><\/section><\/div>\n<style type=\"text\/css\" data-created_by=\"avia_inline_auto\" id=\"style-css-av-9f39j-a327c27126ba96e167b97486e43165b0\">\n.flex_column.av-9f39j-a327c27126ba96e167b97486e43165b0{\nborder-radius:0px 0px 0px 0px;\npadding:0px 0px 0px 0px;\n}\n<\/style>\n<div  class='flex_column av-9f39j-a327c27126ba96e167b97486e43165b0 av_one_half  avia-builder-el-5  el_after_av_one_half  avia-builder-el-last  flex_column_div av-animated-generic bottom-to-top av-zero-column-padding  column-top-margin'     ><section  class='av_textblock_section av-macell5v-c284cb9b4cc1f70f80a310fc8151e384'   itemscope=\"itemscope\" itemtype=\"https:\/\/schema.org\/CreativeWork\" ><div class='avia_textblock'  itemprop=\"text\" ><p style=\"text-align: justify;\">\u00a0\u0412 \u0430\u0441\u0441\u043e\u0440\u0442\u0438\u043c\u0435\u043d\u0442\u0435 KIVIKODA O\u00dc \u043f\u0440\u0435\u0434\u0441\u0442\u0430\u0432\u043b\u0435\u043d\u044b \u0434\u0432\u0430 \u0442\u0438\u043f\u0430 \u043f\u0440\u0435\u0441\u0441\u043e\u0432\u0430\u043d\u043d\u043e\u0433\u043e \u043a\u0430\u043c\u043d\u044f \u043d\u0430\u0438\u0432\u044b\u0441\u0448\u0435\u0433\u043e \u043a\u0430\u0447\u0435\u0441\u0442\u0432\u0430:<\/p>\n<ol>\n<li style=\"text-align: justify;\">\u0438\u0437\u0433\u043e\u0442\u0430\u0432\u043b\u0438\u0432\u0430\u0435\u043c\u044b\u0439 \u0438\u0437 \u043d\u0430\u0442\u0443\u0440\u0430\u043b\u044c\u043d\u043e\u0433\u043e \u043a\u0432\u0430\u0440\u0446\u0430 \u043f\u0440\u0435\u0441\u0441\u043e\u0432\u0430\u043d\u043d\u044b\u0439 \u043a\u0432\u0430\u0440\u0446\u0438\u0442 <a href=\"\/ru\/tehiskivi\/%d0%ba%d0%b2%d0%b0%d1%80%d1%86\/\"><strong>Silestone<\/strong><\/a><\/li>\n<li style=\"text-align: justify;\">\u043e\u0431\u044a\u0435\u0434\u0438\u043d\u044f\u044e\u0449\u0438\u0439 \u0432 \u0441\u0435\u0431\u0435 \u043d\u0430\u0438\u043b\u0443\u0447\u0448\u0438\u0435 \u043a\u0430\u0447\u0435\u0441\u0442\u0432\u0430 \u043a\u0435\u0440\u0430\u043c\u0438\u043a\u0438, \u0441\u0442\u0435\u043a\u043b\u0430 \u0438 \u043a\u0430\u043c\u043d\u044f <a href=\"\/ru\/tehiskivi\/%d0%b4%d0%b5%d0%ba%d1%82%d0%be%d0%bd\/\"><strong>\u0414\u0435\u043a\u0442\u043e\u043d<\/strong><\/a>.<\/li>\n<\/ol>\n<\/div><\/section><\/div>\n<style type=\"text\/css\" data-created_by=\"avia_inline_auto\" id=\"style-css-av-macemugs-fd67fdb72fb99728662363684eb597fc\">\n#top .av-masonry.av-macemugs-fd67fdb72fb99728662363684eb597fc{\nbackground-color:#111111;\n}\n<\/style>\n<div id='av-masonry-1' class='av-masonry av-macemugs-fd67fdb72fb99728662363684eb597fc noHover av-fixed-size av-large-gap av-hover-overlay- av-masonry-animation-active av-masonry-col-3 av-caption-always av-caption-style- av-masonry-gallery av-orientation-square' data-post_id=\"615\"><div class=\"av-masonry-container isotope av-js-disabled\"><div class='av-masonry-entry isotope-item av-masonry-item-no-image'><\/div><div id='av-masonry-1-item-1644' data-av-masonry-item='1644' class='av-masonry-entry isotope-item post-1644 attachment type-attachment status-inherit hentry  av-masonry-item-with-image'    itemprop=\"thumbnailUrl\" ><div class='av-inner-masonry-sizer'><\/div><figure class='av-inner-masonry main_color'><div class=\"av-masonry-outerimage-container\"><div class='av-masonry-image-container' style=\"background-image: url(https:\/\/kivikoda.ee\/wp-content\/uploads\/2023\/01\/Ambiences_Kraftizen_Umber_01-705x705.jpg);\"  title=\"Ambiences_Power_Umber_01\" ><\/div><\/div><\/figure><\/div><!--end av-masonry entry--><div id='av-masonry-1-item-1641' data-av-masonry-item='1641' class='av-masonry-entry isotope-item post-1641 attachment type-attachment status-inherit hentry  av-masonry-item-with-image'    itemprop=\"thumbnailUrl\" ><div class='av-inner-masonry-sizer'><\/div><figure class='av-inner-masonry main_color'><div class=\"av-masonry-outerimage-container\"><div class='av-masonry-image-container' style=\"background-image: url(https:\/\/kivikoda.ee\/wp-content\/uploads\/2023\/01\/Ambiences_Kraftizen_Micron_02-2-648x705.jpg);\"  title=\"Ambiences_Krafttizen_Micron_02 (2)\" ><\/div><\/div><\/figure><\/div><!--end av-masonry entry--><div id='av-masonry-1-item-1536' data-av-masonry-item='1536' class='av-masonry-entry isotope-item post-1536 attachment type-attachment status-inherit hentry  av-masonry-item-with-image'    itemprop=\"thumbnailUrl\" ><div class='av-inner-masonry-sizer'><\/div><figure class='av-inner-masonry main_color'><div class=\"av-masonry-outerimage-container\"><div class='av-masonry-image-container' style=\"background-image: url(https:\/\/kivikoda.ee\/wp-content\/uploads\/2022\/03\/1-7.jpg-680x705.webp);\"  title=\"1-7.jpg\" ><\/div><\/div><\/figure><\/div><!--end av-masonry entry--><\/div><\/div><\/p>","protected":false},"excerpt":{"rendered":"","protected":false},"author":2,"featured_media":0,"parent":0,"menu_order":1,"comment_status":"closed","ping_status":"closed","template":"","meta":{"footnotes":""},"class_list":["post-615","page","type-page","status-publish","hentry"],"yoast_head":"<!-- This site is optimized with the Yoast SEO plugin v27.4 - https:\/\/yoast.com\/product\/yoast-seo-wordpress\/ -->\n<title>Presskivi - Kivikoda<\/title>\n<meta name=\"description\" content=\"Presskivi on parim valik intensiivse kasutuse ja k\u00f5rgete h\u00fcgieenin\u00f5udmistega interj\u00f6\u00f6ridesse. Kvaliteetne, kerge hooldada ja p\u00fcsib kaua.\" \/>\n<meta name=\"robots\" content=\"index, follow, max-snippet:-1, max-image-preview:large, max-video-preview:-1\" \/>\n<link rel=\"canonical\" href=\"https:\/\/kivikoda.ee\/ru\/pressovannyj-to-est-iskusstvennyj-kamen\/\" \/>\n<meta property=\"og:locale\" content=\"ru_RU\" \/>\n<meta property=\"og:type\" content=\"article\" \/>\n<meta property=\"og:title\" content=\"Presskivi - Kivikoda\" \/>\n<meta property=\"og:description\" content=\"Presskivi on parim valik intensiivse kasutuse ja k\u00f5rgete h\u00fcgieenin\u00f5udmistega interj\u00f6\u00f6ridesse. Kvaliteetne, kerge hooldada ja p\u00fcsib kaua.\" \/>\n<meta property=\"og:url\" content=\"https:\/\/kivikoda.ee\/ru\/pressovannyj-to-est-iskusstvennyj-kamen\/\" \/>\n<meta property=\"og:site_name\" content=\"Kivikoda\" \/>\n<meta property=\"article:modified_time\" content=\"2025-09-26T06:37:57+00:00\" \/>\n<meta name=\"twitter:card\" content=\"summary_large_image\" \/>\n<meta name=\"twitter:label1\" content=\"\u041f\u0440\u0438\u043c\u0435\u0440\u043d\u043e\u0435 \u0432\u0440\u0435\u043c\u044f \u0434\u043b\u044f \u0447\u0442\u0435\u043d\u0438\u044f\" \/>\n\t<meta name=\"twitter:data1\" content=\"1 \u043c\u0438\u043d\u0443\u0442\u0430\" \/>\n<script type=\"application\/ld+json\" class=\"yoast-schema-graph\">{\"@context\":\"https:\\\/\\\/schema.org\",\"@graph\":[{\"@type\":\"WebPage\",\"@id\":\"https:\\\/\\\/kivikoda.ee\\\/presskivi\\\/\",\"url\":\"https:\\\/\\\/kivikoda.ee\\\/presskivi\\\/\",\"name\":\"Presskivi - Kivikoda\",\"isPartOf\":{\"@id\":\"https:\\\/\\\/kivikoda.ee\\\/#website\"},\"datePublished\":\"2017-04-19T02:13:50+00:00\",\"dateModified\":\"2025-09-26T06:37:57+00:00\",\"description\":\"Presskivi on parim valik intensiivse kasutuse ja k\u00f5rgete h\u00fcgieenin\u00f5udmistega interj\u00f6\u00f6ridesse. Kvaliteetne, kerge hooldada ja p\u00fcsib kaua.\",\"breadcrumb\":{\"@id\":\"https:\\\/\\\/kivikoda.ee\\\/presskivi\\\/#breadcrumb\"},\"inLanguage\":\"ru-RU\",\"potentialAction\":[{\"@type\":\"ReadAction\",\"target\":[\"https:\\\/\\\/kivikoda.ee\\\/presskivi\\\/\"]}]},{\"@type\":\"BreadcrumbList\",\"@id\":\"https:\\\/\\\/kivikoda.ee\\\/presskivi\\\/#breadcrumb\",\"itemListElement\":[{\"@type\":\"ListItem\",\"position\":1,\"name\":\"Home\",\"item\":\"https:\\\/\\\/kivikoda.ee\\\/kivikoda-kivist-tootasapinnad\\\/\"},{\"@type\":\"ListItem\",\"position\":2,\"name\":\"Presskivi\"}]},{\"@type\":\"WebSite\",\"@id\":\"https:\\\/\\\/kivikoda.ee\\\/#website\",\"url\":\"https:\\\/\\\/kivikoda.ee\\\/\",\"name\":\"Kivikoda\",\"description\":\"\",\"publisher\":{\"@id\":\"https:\\\/\\\/kivikoda.ee\\\/#organization\"},\"potentialAction\":[{\"@type\":\"SearchAction\",\"target\":{\"@type\":\"EntryPoint\",\"urlTemplate\":\"https:\\\/\\\/kivikoda.ee\\\/?s={search_term_string}\"},\"query-input\":{\"@type\":\"PropertyValueSpecification\",\"valueRequired\":true,\"valueName\":\"search_term_string\"}}],\"inLanguage\":\"ru-RU\"},{\"@type\":\"Organization\",\"@id\":\"https:\\\/\\\/kivikoda.ee\\\/#organization\",\"name\":\"Kivikoda\",\"url\":\"https:\\\/\\\/kivikoda.ee\\\/\",\"logo\":{\"@type\":\"ImageObject\",\"inLanguage\":\"ru-RU\",\"@id\":\"https:\\\/\\\/kivikoda.ee\\\/#\\\/schema\\\/logo\\\/image\\\/\",\"url\":\"https:\\\/\\\/kivikoda.ee\\\/wp-content\\\/uploads\\\/2025\\\/06\\\/kivikoda-logo-must.svg\",\"contentUrl\":\"https:\\\/\\\/kivikoda.ee\\\/wp-content\\\/uploads\\\/2025\\\/06\\\/kivikoda-logo-must.svg\",\"width\":1,\"height\":1,\"caption\":\"Kivikoda\"},\"image\":{\"@id\":\"https:\\\/\\\/kivikoda.ee\\\/#\\\/schema\\\/logo\\\/image\\\/\"}}]}<\/script>\n<!-- \/ Yoast SEO plugin. -->","yoast_head_json":{"title":"\u041f\u0440\u0435\u0441\u0441\u043e\u0432\u0430\u043d\u043d\u044b\u0439 \u043a\u0430\u043c\u0435\u043d\u044c - \u041a\u0430\u043c\u0435\u043d\u043d\u044b\u0439 \u0441\u0430\u0440\u0430\u0439","description":"\u041f\u0440\u0435\u0441\u0441\u043e\u0432\u0430\u043d\u043d\u044b\u0439 \u043a\u0430\u043c\u0435\u043d\u044c - \u043b\u0443\u0447\u0448\u0438\u0439 \u0432\u044b\u0431\u043e\u0440 \u0434\u043b\u044f \u0438\u043d\u0442\u0435\u0440\u044c\u0435\u0440\u043e\u0432 \u0441 \u0438\u043d\u0442\u0435\u043d\u0441\u0438\u0432\u043d\u043e\u0439 \u044d\u043a\u0441\u043f\u043b\u0443\u0430\u0442\u0430\u0446\u0438\u0435\u0439 \u0438 \u0432\u044b\u0441\u043e\u043a\u0438\u043c\u0438 \u0442\u0440\u0435\u0431\u043e\u0432\u0430\u043d\u0438\u044f\u043c\u0438 \u043a \u0433\u0438\u0433\u0438\u0435\u043d\u0435. \u0412\u044b\u0441\u043e\u043a\u043e\u043a\u0430\u0447\u0435\u0441\u0442\u0432\u0435\u043d\u043d\u044b\u0439, \u043f\u0440\u043e\u0441\u0442\u043e\u0439 \u0432 \u0443\u0445\u043e\u0434\u0435 \u0438 \u0434\u043e\u043b\u0433\u043e\u0432\u0435\u0447\u043d\u044b\u0439.","robots":{"index":"index","follow":"follow","max-snippet":"max-snippet:-1","max-image-preview":"max-image-preview:large","max-video-preview":"max-video-preview:-1"},"canonical":"https:\/\/kivikoda.ee\/ru\/pressovannyj-to-est-iskusstvennyj-kamen\/","og_locale":"ru_RU","og_type":"article","og_title":"Presskivi - Kivikoda","og_description":"Presskivi on parim valik intensiivse kasutuse ja k\u00f5rgete h\u00fcgieenin\u00f5udmistega interj\u00f6\u00f6ridesse. Kvaliteetne, kerge hooldada ja p\u00fcsib kaua.","og_url":"https:\/\/kivikoda.ee\/ru\/pressovannyj-to-est-iskusstvennyj-kamen\/","og_site_name":"Kivikoda","article_modified_time":"2025-09-26T06:37:57+00:00","twitter_card":"summary_large_image","twitter_misc":{"\u041f\u0440\u0438\u043c\u0435\u0440\u043d\u043e\u0435 \u0432\u0440\u0435\u043c\u044f \u0434\u043b\u044f \u0447\u0442\u0435\u043d\u0438\u044f":"1 \u043c\u0438\u043d\u0443\u0442\u0430"},"schema":{"@context":"https:\/\/schema.org","@graph":[{"@type":"WebPage","@id":"https:\/\/kivikoda.ee\/presskivi\/","url":"https:\/\/kivikoda.ee\/presskivi\/","name":"\u041f\u0440\u0435\u0441\u0441\u043e\u0432\u0430\u043d\u043d\u044b\u0439 \u043a\u0430\u043c\u0435\u043d\u044c - \u041a\u0430\u043c\u0435\u043d\u043d\u044b\u0439 \u0441\u0430\u0440\u0430\u0439","isPartOf":{"@id":"https:\/\/kivikoda.ee\/#website"},"datePublished":"2017-04-19T02:13:50+00:00","dateModified":"2025-09-26T06:37:57+00:00","description":"\u041f\u0440\u0435\u0441\u0441\u043e\u0432\u0430\u043d\u043d\u044b\u0439 \u043a\u0430\u043c\u0435\u043d\u044c - \u043b\u0443\u0447\u0448\u0438\u0439 \u0432\u044b\u0431\u043e\u0440 \u0434\u043b\u044f \u0438\u043d\u0442\u0435\u0440\u044c\u0435\u0440\u043e\u0432 \u0441 \u0438\u043d\u0442\u0435\u043d\u0441\u0438\u0432\u043d\u043e\u0439 \u044d\u043a\u0441\u043f\u043b\u0443\u0430\u0442\u0430\u0446\u0438\u0435\u0439 \u0438 \u0432\u044b\u0441\u043e\u043a\u0438\u043c\u0438 \u0442\u0440\u0435\u0431\u043e\u0432\u0430\u043d\u0438\u044f\u043c\u0438 \u043a \u0433\u0438\u0433\u0438\u0435\u043d\u0435. \u0412\u044b\u0441\u043e\u043a\u043e\u043a\u0430\u0447\u0435\u0441\u0442\u0432\u0435\u043d\u043d\u044b\u0439, \u043f\u0440\u043e\u0441\u0442\u043e\u0439 \u0432 \u0443\u0445\u043e\u0434\u0435 \u0438 \u0434\u043e\u043b\u0433\u043e\u0432\u0435\u0447\u043d\u044b\u0439.","breadcrumb":{"@id":"https:\/\/kivikoda.ee\/presskivi\/#breadcrumb"},"inLanguage":"ru-RU","potentialAction":[{"@type":"ReadAction","target":["https:\/\/kivikoda.ee\/presskivi\/"]}]},{"@type":"BreadcrumbList","@id":"https:\/\/kivikoda.ee\/presskivi\/#breadcrumb","itemListElement":[{"@type":"ListItem","position":1,"name":"Home","item":"https:\/\/kivikoda.ee\/kivikoda-kivist-tootasapinnad\/"},{"@type":"ListItem","position":2,"name":"Presskivi"}]},{"@type":"WebSite","@id":"https:\/\/kivikoda.ee\/#website","url":"https:\/\/kivikoda.ee\/","name":"\u041a\u0430\u043c\u0435\u043d\u043d\u044b\u0439 \u0441\u0430\u0440\u0430\u0439","description":"","publisher":{"@id":"https:\/\/kivikoda.ee\/#organization"},"potentialAction":[{"@type":"SearchAction","target":{"@type":"EntryPoint","urlTemplate":"https:\/\/kivikoda.ee\/?s={search_term_string}"},"query-input":{"@type":"PropertyValueSpecification","valueRequired":true,"valueName":"search_term_string"}}],"inLanguage":"ru-RU"},{"@type":"Organization","@id":"https:\/\/kivikoda.ee\/#organization","name":"\u041a\u0430\u043c\u0435\u043d\u043d\u044b\u0439 \u0441\u0430\u0440\u0430\u0439","url":"https:\/\/kivikoda.ee\/","logo":{"@type":"ImageObject","inLanguage":"ru-RU","@id":"https:\/\/kivikoda.ee\/#\/schema\/logo\/image\/","url":"https:\/\/kivikoda.ee\/wp-content\/uploads\/2025\/06\/kivikoda-logo-must.svg","contentUrl":"https:\/\/kivikoda.ee\/wp-content\/uploads\/2025\/06\/kivikoda-logo-must.svg","width":1,"height":1,"caption":"Kivikoda"},"image":{"@id":"https:\/\/kivikoda.ee\/#\/schema\/logo\/image\/"}}]}},"_links":{"self":[{"href":"https:\/\/kivikoda.ee\/ru\/wp-json\/wp\/v2\/pages\/615","targetHints":{"allow":["GET"]}}],"collection":[{"href":"https:\/\/kivikoda.ee\/ru\/wp-json\/wp\/v2\/pages"}],"about":[{"href":"https:\/\/kivikoda.ee\/ru\/wp-json\/wp\/v2\/types\/page"}],"author":[{"embeddable":true,"href":"https:\/\/kivikoda.ee\/ru\/wp-json\/wp\/v2\/users\/2"}],"replies":[{"embeddable":true,"href":"https:\/\/kivikoda.ee\/ru\/wp-json\/wp\/v2\/comments?post=615"}],"version-history":[{"count":9,"href":"https:\/\/kivikoda.ee\/ru\/wp-json\/wp\/v2\/pages\/615\/revisions"}],"predecessor-version":[{"id":2403,"href":"https:\/\/kivikoda.ee\/ru\/wp-json\/wp\/v2\/pages\/615\/revisions\/2403"}],"wp:attachment":[{"href":"https:\/\/kivikoda.ee\/ru\/wp-json\/wp\/v2\/media?parent=615"}],"curies":[{"name":"wp","href":"https:\/\/api.w.org\/{rel}","templated":true}]}}